{"id":11,"date":"2024-12-13T10:33:04","date_gmt":"2024-12-13T13:33:04","guid":{"rendered":"http:\/\/localhost\/aem-solutions\/loja-virtual-war-gym\/index.php\/checkout\/"},"modified":"2025-08-18T17:27:42","modified_gmt":"2025-08-18T20:27:42","slug":"checkout","status":"publish","type":"page","link":"https:\/\/dev.aemsolutions.com.br\/andriguetto\/checkout\/","title":{"rendered":"Checkout"},"content":{"rendered":"\t\t<div data-elementor-type=\"wp-page\" data-elementor-id=\"11\" class=\"elementor elementor-11\" data-elementor-post-type=\"page\">\n\t\t\t\t<div class=\"elementor-element elementor-element-fdee91c e-flex e-con-boxed e-con e-parent\" data-id=\"fdee91c\" data-element_type=\"container\" data-e-type=\"container\">\n\t\t\t\t\t<div class=\"e-con-inner\">\n\t\t<div class=\"elementor-element elementor-element-d978e79 e-con-full e-flex e-con e-child\" data-id=\"d978e79\" data-element_type=\"container\" data-e-type=\"container\">\n\t\t\t\t<div class=\"elementor-element elementor-element-7ab954e elementor-align-left elementor-widget elementor-widget-breadcrumbs\" data-id=\"7ab954e\" data-element_type=\"widget\" data-e-type=\"widget\" data-widget_type=\"breadcrumbs.default\">\n\t\t\t\t<div class=\"elementor-widget-container\">\n\t\t\t\t\t<p id=\"breadcrumbs\"><span><span><a href=\"https:\/\/dev.aemsolutions.com.br\/andriguetto\/\">In\u00edcio<\/a><\/span><\/span><\/p>\t\t\t\t<\/div>\n\t\t\t\t<\/div>\n\t\t\t\t<\/div>\n\t\t\t\t\t<\/div>\n\t\t\t\t<\/div>\n\t\t<div class=\"elementor-element elementor-element-c03056c e-flex e-con-boxed e-con e-parent\" data-id=\"c03056c\" data-element_type=\"container\" data-e-type=\"container\">\n\t\t\t\t\t<div class=\"e-con-inner\">\n\t\t<div class=\"elementor-element elementor-element-3046051 e-con-full e-flex e-con e-child\" data-id=\"3046051\" data-element_type=\"container\" data-e-type=\"container\">\n\t\t\t\t<div class=\"elementor-element elementor-element-fb90fc1 e-checkout-layout-two-column elementor-widget elementor-widget-woocommerce-checkout-page\" data-id=\"fb90fc1\" data-element_type=\"widget\" data-e-type=\"widget\" data-widget_type=\"woocommerce-checkout-page.default\">\n\t\t\t\t<div class=\"elementor-widget-container\">\n\t\t\t\t\t<div class=\"woocommerce\"><\/div>\t\t\t\t<\/div>\n\t\t\t\t<\/div>\n\t\t\t\t<div class=\"elementor-element elementor-element-45e8bb1 elementor-widget elementor-widget-html\" data-id=\"45e8bb1\" data-element_type=\"widget\" data-e-type=\"widget\" data-widget_type=\"html.default\">\n\t\t\t\t<div class=\"elementor-widget-container\">\n\t\t\t\t\t<script>\r\n\r\n\r\n    const label = document.querySelector('.e-coupon-anchor-description');\r\n    const applyButton = document.querySelector('.woocommerce-button.button.e-apply-coupon');\r\n    const couponInput = document.querySelector('#coupon_code');\r\n\r\n\r\n    if (label) {\r\n        label.innerText = 'Se voc\u00ea tem um c\u00f3digo de cupom, aplique-o abaixo.';\r\n    } else {\r\n        console.error('O elemento com a classe \".e-coupon-anchor-description\" n\u00e3o foi encontrado.');\r\n    }\r\n\r\n\r\n    if (applyButton) {\r\n        applyButton.innerText = 'Aplicar';\r\n    } else {\r\n        console.error('O bot\u00e3o com a classe \".woocommerce-button.button.e-apply-coupon\" n\u00e3o foi encontrado.');\r\n    }\r\n\r\n\r\n    if (couponInput) {\r\n        couponInput.placeholder = 'C\u00f3digo do cupom';\r\n    } else {\r\n        console.error('O campo com o ID \"#coupon_code\" n\u00e3o foi encontrado.');\r\n    }\r\n\r\n\r\n<\/script>\t\t\t\t<\/div>\n\t\t\t\t<\/div>\n\t\t\t\t<\/div>\n\t\t\t\t\t<\/div>\n\t\t\t\t<\/div>\n\t\t\t\t<\/div>\n\t\t","protected":false},"excerpt":{"rendered":"<p>Detalhes de cobran\u00e7a Nome&nbsp;* Sobrenome&nbsp;* Tipo de Pessoa&nbsp;(opcional)Pessoa F\u00edsicaPessoa Jur\u00eddica CPF&nbsp;(opcional) Company Name&nbsp;(opcional) CNPJ&nbsp;(opcional) Pa\u00eds&nbsp;*Selecione um pa\u00eds&hellip;Afeganist\u00e3o\u00c1frica do SulAlb\u00e2niaAlemanhaAndorraAngolaAnguillaAnt\u00e1rticaAnt\u00edgua e BarbudaAr\u00e1bia SauditaArg\u00e9liaArgentinaArm\u00eaniaArubaAustr\u00e1lia\u00c1ustriaAzerbaij\u00e3oBahamasBangladeshBarbadosBar\u00e9mBelauB\u00e9lgicaBelizeBenimBermudasBielorr\u00fassiaBol\u00edviaBonaire, Santo Eust\u00e1quio e SabaB\u00f3snia e HerzegovinaBotsuanaBrasilBruneiBulg\u00e1riaBurquina FassoBur\u00fandiBut\u00e3oCabo VerdeCamar\u00f5esCambojaCanad\u00e1CatarCazaquist\u00e3oChadeChileChinaChipreCingapuraCol\u00f4mbiaComoresComunidade das Ilhas Marianas SetentrionaisCongo (Brazzaville)Congo (Kinshasa)Cor\u00e9ia do NorteCor\u00e9ia do SulCosta do MarfimCosta RicaCro\u00e1ciaCubaCura&ccedil;aoDinamarcaDjiboutiDominicaEgitoEl SalvadorEmirados \u00c1rabes UnidosEquadorEritreiaEslov\u00e1quiaEsloveniaEspanhaEstados UnidosEst\u00f4niaEswatiniEti\u00f3piaFijiFilipinasFinl\u00e2ndiaFran\u00e7aGab\u00e3oG\u00e2mbiaGanaGe\u00f3rgiaGibraltarGranadaGr\u00e9ciaGroenl\u00e2ndiaGuadalupeGuamGuatemalaGuernseyGuianaGuiana FrancesaGuin\u00e9Guin\u00e9 EquatorialGuin\u00e9-BissauHaitiHolandaHondurasHong KongHungriaI\u00e9menIlha BouvetIlha ChristmasIlha de ManIlha de [&hellip;]<\/p>\n","protected":false},"author":1,"featured_media":0,"parent":0,"menu_order":0,"comment_status":"closed","ping_status":"closed","template":"elementor_header_footer","meta":{"footnotes":""},"class_list":["post-11","page","type-page","status-publish","hentry"],"yoast_head":"<!-- This site is optimized with the Yoast SEO plugin v27.5 - https:\/\/yoast.com\/product\/yoast-seo-wordpress\/ -->\n<title>Checkout - Andriguetto | Hortifruti Granjeiro<\/title>\n<meta name=\"robots\" content=\"noindex, follow, max-snippet:-1, max-image-preview:large, max-video-preview:-1\" \/>\n<meta property=\"og:locale\" content=\"pt_BR\" \/>\n<meta property=\"og:type\" content=\"article\" \/>\n<meta property=\"og:title\" content=\"Checkout - Andriguetto | Hortifruti Granjeiro\" \/>\n<meta property=\"og:description\" content=\"Detalhes de cobran\u00e7a Nome&nbsp;* Sobrenome&nbsp;* Tipo de Pessoa&nbsp;(opcional)Pessoa F\u00edsicaPessoa Jur\u00eddica CPF&nbsp;(opcional) Company Name&nbsp;(opcional) CNPJ&nbsp;(opcional) Pa\u00eds&nbsp;*Selecione um pa\u00eds&hellip;Afeganist\u00e3o\u00c1frica do SulAlb\u00e2niaAlemanhaAndorraAngolaAnguillaAnt\u00e1rticaAnt\u00edgua e BarbudaAr\u00e1bia SauditaArg\u00e9liaArgentinaArm\u00eaniaArubaAustr\u00e1lia\u00c1ustriaAzerbaij\u00e3oBahamasBangladeshBarbadosBar\u00e9mBelauB\u00e9lgicaBelizeBenimBermudasBielorr\u00fassiaBol\u00edviaBonaire, Santo Eust\u00e1quio e SabaB\u00f3snia e HerzegovinaBotsuanaBrasilBruneiBulg\u00e1riaBurquina FassoBur\u00fandiBut\u00e3oCabo VerdeCamar\u00f5esCambojaCanad\u00e1CatarCazaquist\u00e3oChadeChileChinaChipreCingapuraCol\u00f4mbiaComoresComunidade das Ilhas Marianas SetentrionaisCongo (Brazzaville)Congo (Kinshasa)Cor\u00e9ia do NorteCor\u00e9ia do SulCosta do MarfimCosta RicaCro\u00e1ciaCubaCura&ccedil;aoDinamarcaDjiboutiDominicaEgitoEl SalvadorEmirados \u00c1rabes UnidosEquadorEritreiaEslov\u00e1quiaEsloveniaEspanhaEstados UnidosEst\u00f4niaEswatiniEti\u00f3piaFijiFilipinasFinl\u00e2ndiaFran\u00e7aGab\u00e3oG\u00e2mbiaGanaGe\u00f3rgiaGibraltarGranadaGr\u00e9ciaGroenl\u00e2ndiaGuadalupeGuamGuatemalaGuernseyGuianaGuiana FrancesaGuin\u00e9Guin\u00e9 EquatorialGuin\u00e9-BissauHaitiHolandaHondurasHong KongHungriaI\u00e9menIlha BouvetIlha ChristmasIlha de ManIlha de [&hellip;]\" \/>\n<meta property=\"og:url\" content=\"https:\/\/dev.aemsolutions.com.br\/andriguetto\/checkout\/\" \/>\n<meta property=\"og:site_name\" content=\"Andriguetto | Hortifruti Granjeiro\" \/>\n<meta property=\"article:modified_time\" content=\"2025-08-18T20:27:42+00:00\" \/>\n<meta name=\"twitter:card\" content=\"summary_large_image\" \/>\n<meta name=\"twitter:label1\" content=\"Est. tempo de leitura\" \/>\n\t<meta name=\"twitter:data1\" content=\"1 minuto\" \/>\n<script type=\"application\/ld+json\" class=\"yoast-schema-graph\">{\"@context\":\"https:\\\/\\\/schema.org\",\"@graph\":[{\"@type\":\"WebPage\",\"@id\":\"https:\\\/\\\/dev.aemsolutions.com.br\\\/andriguetto\\\/checkout\\\/\",\"url\":\"https:\\\/\\\/dev.aemsolutions.com.br\\\/andriguetto\\\/checkout\\\/\",\"name\":\"Checkout - Andriguetto | Hortifruti Granjeiro\",\"isPartOf\":{\"@id\":\"https:\\\/\\\/dev.aemsolutions.com.br\\\/andriguetto\\\/#website\"},\"datePublished\":\"2024-12-13T13:33:04+00:00\",\"dateModified\":\"2025-08-18T20:27:42+00:00\",\"breadcrumb\":{\"@id\":\"https:\\\/\\\/dev.aemsolutions.com.br\\\/andriguetto\\\/checkout\\\/#breadcrumb\"},\"inLanguage\":\"pt-BR\",\"potentialAction\":[{\"@type\":\"ReadAction\",\"target\":[\"https:\\\/\\\/dev.aemsolutions.com.br\\\/andriguetto\\\/checkout\\\/\"]}]},{\"@type\":\"BreadcrumbList\",\"@id\":\"https:\\\/\\\/dev.aemsolutions.com.br\\\/andriguetto\\\/checkout\\\/#breadcrumb\",\"itemListElement\":[{\"@type\":\"ListItem\",\"position\":1,\"name\":\"In\u00edcio\",\"item\":\"https:\\\/\\\/dev.aemsolutions.com.br\\\/andriguetto\\\/\"},{\"@type\":\"ListItem\",\"position\":2,\"name\":\"Checkout\"}]},{\"@type\":\"WebSite\",\"@id\":\"https:\\\/\\\/dev.aemsolutions.com.br\\\/andriguetto\\\/#website\",\"url\":\"https:\\\/\\\/dev.aemsolutions.com.br\\\/andriguetto\\\/\",\"name\":\"Andriguetto | Hortifruti Granjeiro\",\"description\":\"\",\"publisher\":{\"@id\":\"https:\\\/\\\/dev.aemsolutions.com.br\\\/andriguetto\\\/#organization\"},\"potentialAction\":[{\"@type\":\"SearchAction\",\"target\":{\"@type\":\"EntryPoint\",\"urlTemplate\":\"https:\\\/\\\/dev.aemsolutions.com.br\\\/andriguetto\\\/?s={search_term_string}\"},\"query-input\":{\"@type\":\"PropertyValueSpecification\",\"valueRequired\":true,\"valueName\":\"search_term_string\"}}],\"inLanguage\":\"pt-BR\"},{\"@type\":\"Organization\",\"@id\":\"https:\\\/\\\/dev.aemsolutions.com.br\\\/andriguetto\\\/#organization\",\"name\":\"Andriguetto | Hortifruti Granjeiro\",\"url\":\"https:\\\/\\\/dev.aemsolutions.com.br\\\/andriguetto\\\/\",\"logo\":{\"@type\":\"ImageObject\",\"inLanguage\":\"pt-BR\",\"@id\":\"https:\\\/\\\/dev.aemsolutions.com.br\\\/andriguetto\\\/#\\\/schema\\\/logo\\\/image\\\/\",\"url\":\"https:\\\/\\\/dev.aemsolutions.com.br\\\/andriguetto\\\/wp-content\\\/uploads\\\/2024\\\/12\\\/andriguetto-logo.jpg\",\"contentUrl\":\"https:\\\/\\\/dev.aemsolutions.com.br\\\/andriguetto\\\/wp-content\\\/uploads\\\/2024\\\/12\\\/andriguetto-logo.jpg\",\"width\":341,\"height\":131,\"caption\":\"Andriguetto | Hortifruti Granjeiro\"},\"image\":{\"@id\":\"https:\\\/\\\/dev.aemsolutions.com.br\\\/andriguetto\\\/#\\\/schema\\\/logo\\\/image\\\/\"}}]}<\/script>\n<!-- \/ Yoast SEO plugin. -->","yoast_head_json":{"title":"Checkout - Andriguetto | Hortifruti Granjeiro","robots":{"index":"noindex","follow":"follow","max-snippet":"max-snippet:-1","max-image-preview":"max-image-preview:large","max-video-preview":"max-video-preview:-1"},"og_locale":"pt_BR","og_type":"article","og_title":"Checkout - Andriguetto | Hortifruti Granjeiro","og_description":"Detalhes de cobran\u00e7a Nome&nbsp;* Sobrenome&nbsp;* Tipo de Pessoa&nbsp;(opcional)Pessoa F\u00edsicaPessoa Jur\u00eddica CPF&nbsp;(opcional) Company Name&nbsp;(opcional) CNPJ&nbsp;(opcional) Pa\u00eds&nbsp;*Selecione um pa\u00eds&hellip;Afeganist\u00e3o\u00c1frica do SulAlb\u00e2niaAlemanhaAndorraAngolaAnguillaAnt\u00e1rticaAnt\u00edgua e BarbudaAr\u00e1bia SauditaArg\u00e9liaArgentinaArm\u00eaniaArubaAustr\u00e1lia\u00c1ustriaAzerbaij\u00e3oBahamasBangladeshBarbadosBar\u00e9mBelauB\u00e9lgicaBelizeBenimBermudasBielorr\u00fassiaBol\u00edviaBonaire, Santo Eust\u00e1quio e SabaB\u00f3snia e HerzegovinaBotsuanaBrasilBruneiBulg\u00e1riaBurquina FassoBur\u00fandiBut\u00e3oCabo VerdeCamar\u00f5esCambojaCanad\u00e1CatarCazaquist\u00e3oChadeChileChinaChipreCingapuraCol\u00f4mbiaComoresComunidade das Ilhas Marianas SetentrionaisCongo (Brazzaville)Congo (Kinshasa)Cor\u00e9ia do NorteCor\u00e9ia do SulCosta do MarfimCosta RicaCro\u00e1ciaCubaCura&ccedil;aoDinamarcaDjiboutiDominicaEgitoEl SalvadorEmirados \u00c1rabes UnidosEquadorEritreiaEslov\u00e1quiaEsloveniaEspanhaEstados UnidosEst\u00f4niaEswatiniEti\u00f3piaFijiFilipinasFinl\u00e2ndiaFran\u00e7aGab\u00e3oG\u00e2mbiaGanaGe\u00f3rgiaGibraltarGranadaGr\u00e9ciaGroenl\u00e2ndiaGuadalupeGuamGuatemalaGuernseyGuianaGuiana FrancesaGuin\u00e9Guin\u00e9 EquatorialGuin\u00e9-BissauHaitiHolandaHondurasHong KongHungriaI\u00e9menIlha BouvetIlha ChristmasIlha de ManIlha de [&hellip;]","og_url":"https:\/\/dev.aemsolutions.com.br\/andriguetto\/checkout\/","og_site_name":"Andriguetto | Hortifruti Granjeiro","article_modified_time":"2025-08-18T20:27:42+00:00","twitter_card":"summary_large_image","twitter_misc":{"Est. tempo de leitura":"1 minuto"},"schema":{"@context":"https:\/\/schema.org","@graph":[{"@type":"WebPage","@id":"https:\/\/dev.aemsolutions.com.br\/andriguetto\/checkout\/","url":"https:\/\/dev.aemsolutions.com.br\/andriguetto\/checkout\/","name":"Checkout - Andriguetto | Hortifruti Granjeiro","isPartOf":{"@id":"https:\/\/dev.aemsolutions.com.br\/andriguetto\/#website"},"datePublished":"2024-12-13T13:33:04+00:00","dateModified":"2025-08-18T20:27:42+00:00","breadcrumb":{"@id":"https:\/\/dev.aemsolutions.com.br\/andriguetto\/checkout\/#breadcrumb"},"inLanguage":"pt-BR","potentialAction":[{"@type":"ReadAction","target":["https:\/\/dev.aemsolutions.com.br\/andriguetto\/checkout\/"]}]},{"@type":"BreadcrumbList","@id":"https:\/\/dev.aemsolutions.com.br\/andriguetto\/checkout\/#breadcrumb","itemListElement":[{"@type":"ListItem","position":1,"name":"In\u00edcio","item":"https:\/\/dev.aemsolutions.com.br\/andriguetto\/"},{"@type":"ListItem","position":2,"name":"Checkout"}]},{"@type":"WebSite","@id":"https:\/\/dev.aemsolutions.com.br\/andriguetto\/#website","url":"https:\/\/dev.aemsolutions.com.br\/andriguetto\/","name":"Andriguetto | Hortifruti Granjeiro","description":"","publisher":{"@id":"https:\/\/dev.aemsolutions.com.br\/andriguetto\/#organization"},"potentialAction":[{"@type":"SearchAction","target":{"@type":"EntryPoint","urlTemplate":"https:\/\/dev.aemsolutions.com.br\/andriguetto\/?s={search_term_string}"},"query-input":{"@type":"PropertyValueSpecification","valueRequired":true,"valueName":"search_term_string"}}],"inLanguage":"pt-BR"},{"@type":"Organization","@id":"https:\/\/dev.aemsolutions.com.br\/andriguetto\/#organization","name":"Andriguetto | Hortifruti Granjeiro","url":"https:\/\/dev.aemsolutions.com.br\/andriguetto\/","logo":{"@type":"ImageObject","inLanguage":"pt-BR","@id":"https:\/\/dev.aemsolutions.com.br\/andriguetto\/#\/schema\/logo\/image\/","url":"https:\/\/dev.aemsolutions.com.br\/andriguetto\/wp-content\/uploads\/2024\/12\/andriguetto-logo.jpg","contentUrl":"https:\/\/dev.aemsolutions.com.br\/andriguetto\/wp-content\/uploads\/2024\/12\/andriguetto-logo.jpg","width":341,"height":131,"caption":"Andriguetto | Hortifruti Granjeiro"},"image":{"@id":"https:\/\/dev.aemsolutions.com.br\/andriguetto\/#\/schema\/logo\/image\/"}}]}},"_links":{"self":[{"href":"https:\/\/dev.aemsolutions.com.br\/andriguetto\/wp-json\/wp\/v2\/pages\/11","targetHints":{"allow":["GET"]}}],"collection":[{"href":"https:\/\/dev.aemsolutions.com.br\/andriguetto\/wp-json\/wp\/v2\/pages"}],"about":[{"href":"https:\/\/dev.aemsolutions.com.br\/andriguetto\/wp-json\/wp\/v2\/types\/page"}],"author":[{"embeddable":true,"href":"https:\/\/dev.aemsolutions.com.br\/andriguetto\/wp-json\/wp\/v2\/users\/1"}],"replies":[{"embeddable":true,"href":"https:\/\/dev.aemsolutions.com.br\/andriguetto\/wp-json\/wp\/v2\/comments?post=11"}],"version-history":[{"count":66,"href":"https:\/\/dev.aemsolutions.com.br\/andriguetto\/wp-json\/wp\/v2\/pages\/11\/revisions"}],"predecessor-version":[{"id":2103,"href":"https:\/\/dev.aemsolutions.com.br\/andriguetto\/wp-json\/wp\/v2\/pages\/11\/revisions\/2103"}],"wp:attachment":[{"href":"https:\/\/dev.aemsolutions.com.br\/andriguetto\/wp-json\/wp\/v2\/media?parent=11"}],"curies":[{"name":"wp","href":"https:\/\/api.w.org\/{rel}","templated":true}]}}