{"id":12,"date":"2024-12-13T10:33:04","date_gmt":"2024-12-13T13:33:04","guid":{"rendered":"http:\/\/localhost\/aem-solutions\/loja-virtual-war-gym\/index.php\/my-account\/"},"modified":"2025-08-18T14:17:37","modified_gmt":"2025-08-18T17:17:37","slug":"my-account","status":"publish","type":"page","link":"https:\/\/dev.aemsolutions.com.br\/andriguetto\/my-account\/","title":{"rendered":"Minha conta"},"content":{"rendered":"\t\t<div data-elementor-type=\"wp-page\" data-elementor-id=\"12\" class=\"elementor elementor-12\" data-elementor-post-type=\"page\">\n\t\t\t\t<div class=\"elementor-element elementor-element-2d32cd1 elementor-hidden-desktop elementor-hidden-tablet elementor-hidden-mobile e-flex e-con-boxed e-con e-parent\" data-id=\"2d32cd1\" data-element_type=\"container\" data-e-type=\"container\">\n\t\t\t\t\t<div class=\"e-con-inner\">\n\t\t<div class=\"elementor-element elementor-element-05cd7dc e-con-full e-flex e-con e-child\" data-id=\"05cd7dc\" data-element_type=\"container\" data-e-type=\"container\">\n\t\t\t\t<div class=\"elementor-element elementor-element-0b3476e elementor-align-left elementor-widget elementor-widget-breadcrumbs\" data-id=\"0b3476e\" data-element_type=\"widget\" data-e-type=\"widget\" data-widget_type=\"breadcrumbs.default\">\n\t\t\t\t<div class=\"elementor-widget-container\">\n\t\t\t\t\t<p id=\"breadcrumbs\"><span><span><a href=\"https:\/\/dev.aemsolutions.com.br\/andriguetto\/\">In\u00edcio<\/a><\/span><\/span><\/p>\t\t\t\t<\/div>\n\t\t\t\t<\/div>\n\t\t\t\t<\/div>\n\t\t\t\t\t<\/div>\n\t\t\t\t<\/div>\n\t\t<div class=\"elementor-element elementor-element-25f5974 e-flex e-con-boxed e-con e-parent\" data-id=\"25f5974\" data-element_type=\"container\" data-e-type=\"container\">\n\t\t\t\t\t<div class=\"e-con-inner\">\n\t\t<div class=\"elementor-element elementor-element-561d1fd e-con-full e-flex e-con e-child\" data-id=\"561d1fd\" data-element_type=\"container\" data-e-type=\"container\">\n\t\t\t\t<div class=\"elementor-element elementor-element-261c74a e-my-account-tabs-horizontal elementor-widget__width-inherit elementor-widget elementor-widget-woocommerce-my-account\" data-id=\"261c74a\" data-element_type=\"widget\" data-e-type=\"widget\" data-widget_type=\"woocommerce-my-account.default\">\n\t\t\t\t<div class=\"elementor-widget-container\">\n\t\t\t\t\t<div class=\"e-my-account-tab e-my-account-tab__ \">\t\t\t<div class=\"woocommerce\"><\/div>\t\t<\/div>\n\t\t\t\t\t\t<\/div>\n\t\t\t\t<\/div>\n\t\t\t\t<\/div>\n\t\t\t\t\t<\/div>\n\t\t\t\t<\/div>\n\t\t\t\t<\/div>\n\t\t","protected":false},"excerpt":{"rendered":"<p>Painel Meus pedidos Downloads Endere\u00e7o Minha conta Sair Painel Meus pedidos Downloads Endere\u00e7o Minha conta Sair Painel Meus pedidos Downloads Endere\u00e7o Minha conta Sair Painel Meus pedidos Downloads Endere\u00e7o Minha conta Sair Ol\u00e1, root (n\u00e3o \u00e9 root? Sair) A partir do painel de controle de sua conta, voc\u00ea pode ver suas compras recentes, gerenciar seus [&hellip;]<\/p>\n","protected":false},"author":1,"featured_media":0,"parent":0,"menu_order":0,"comment_status":"closed","ping_status":"closed","template":"elementor_header_footer","meta":{"footnotes":""},"class_list":["post-12","page","type-page","status-publish","hentry"],"yoast_head":"<!-- This site is optimized with the Yoast SEO plugin v27.5 - https:\/\/yoast.com\/product\/yoast-seo-wordpress\/ -->\n<title>Minha conta - Andriguetto | Hortifruti Granjeiro<\/title>\n<meta name=\"robots\" content=\"noindex, follow, max-snippet:-1, max-image-preview:large, max-video-preview:-1\" \/>\n<meta property=\"og:locale\" content=\"pt_BR\" \/>\n<meta property=\"og:type\" content=\"article\" \/>\n<meta property=\"og:title\" content=\"Minha conta - Andriguetto | Hortifruti Granjeiro\" \/>\n<meta property=\"og:description\" content=\"Painel Meus pedidos Downloads Endere\u00e7o Minha conta Sair Painel Meus pedidos Downloads Endere\u00e7o Minha conta Sair Painel Meus pedidos Downloads Endere\u00e7o Minha conta Sair Painel Meus pedidos Downloads Endere\u00e7o Minha conta Sair Ol\u00e1, root (n\u00e3o \u00e9 root? Sair) A partir do painel de controle de sua conta, voc\u00ea pode ver suas compras recentes, gerenciar seus [&hellip;]\" \/>\n<meta property=\"og:url\" content=\"https:\/\/dev.aemsolutions.com.br\/andriguetto\/my-account\/\" \/>\n<meta property=\"og:site_name\" content=\"Andriguetto | Hortifruti Granjeiro\" \/>\n<meta property=\"article:modified_time\" content=\"2025-08-18T17:17:37+00:00\" \/>\n<meta name=\"twitter:card\" content=\"summary_large_image\" \/>\n<meta name=\"twitter:label1\" content=\"Est. tempo de leitura\" \/>\n\t<meta name=\"twitter:data1\" content=\"2 minutos\" \/>\n<script type=\"application\/ld+json\" class=\"yoast-schema-graph\">{\"@context\":\"https:\\\/\\\/schema.org\",\"@graph\":[{\"@type\":\"WebPage\",\"@id\":\"https:\\\/\\\/dev.aemsolutions.com.br\\\/andriguetto\\\/my-account\\\/\",\"url\":\"https:\\\/\\\/dev.aemsolutions.com.br\\\/andriguetto\\\/my-account\\\/\",\"name\":\"Minha conta - Andriguetto | Hortifruti Granjeiro\",\"isPartOf\":{\"@id\":\"https:\\\/\\\/dev.aemsolutions.com.br\\\/andriguetto\\\/#website\"},\"datePublished\":\"2024-12-13T13:33:04+00:00\",\"dateModified\":\"2025-08-18T17:17:37+00:00\",\"breadcrumb\":{\"@id\":\"https:\\\/\\\/dev.aemsolutions.com.br\\\/andriguetto\\\/my-account\\\/#breadcrumb\"},\"inLanguage\":\"pt-BR\",\"potentialAction\":[{\"@type\":\"ReadAction\",\"target\":[\"https:\\\/\\\/dev.aemsolutions.com.br\\\/andriguetto\\\/my-account\\\/\"]}]},{\"@type\":\"BreadcrumbList\",\"@id\":\"https:\\\/\\\/dev.aemsolutions.com.br\\\/andriguetto\\\/my-account\\\/#breadcrumb\",\"itemListElement\":[{\"@type\":\"ListItem\",\"position\":1,\"name\":\"In\u00edcio\",\"item\":\"https:\\\/\\\/dev.aemsolutions.com.br\\\/andriguetto\\\/\"},{\"@type\":\"ListItem\",\"position\":2,\"name\":\"Minha conta\"}]},{\"@type\":\"WebSite\",\"@id\":\"https:\\\/\\\/dev.aemsolutions.com.br\\\/andriguetto\\\/#website\",\"url\":\"https:\\\/\\\/dev.aemsolutions.com.br\\\/andriguetto\\\/\",\"name\":\"Andriguetto | Hortifruti Granjeiro\",\"description\":\"\",\"publisher\":{\"@id\":\"https:\\\/\\\/dev.aemsolutions.com.br\\\/andriguetto\\\/#organization\"},\"potentialAction\":[{\"@type\":\"SearchAction\",\"target\":{\"@type\":\"EntryPoint\",\"urlTemplate\":\"https:\\\/\\\/dev.aemsolutions.com.br\\\/andriguetto\\\/?s={search_term_string}\"},\"query-input\":{\"@type\":\"PropertyValueSpecification\",\"valueRequired\":true,\"valueName\":\"search_term_string\"}}],\"inLanguage\":\"pt-BR\"},{\"@type\":\"Organization\",\"@id\":\"https:\\\/\\\/dev.aemsolutions.com.br\\\/andriguetto\\\/#organization\",\"name\":\"Andriguetto | Hortifruti Granjeiro\",\"url\":\"https:\\\/\\\/dev.aemsolutions.com.br\\\/andriguetto\\\/\",\"logo\":{\"@type\":\"ImageObject\",\"inLanguage\":\"pt-BR\",\"@id\":\"https:\\\/\\\/dev.aemsolutions.com.br\\\/andriguetto\\\/#\\\/schema\\\/logo\\\/image\\\/\",\"url\":\"https:\\\/\\\/dev.aemsolutions.com.br\\\/andriguetto\\\/wp-content\\\/uploads\\\/2024\\\/12\\\/andriguetto-logo.jpg\",\"contentUrl\":\"https:\\\/\\\/dev.aemsolutions.com.br\\\/andriguetto\\\/wp-content\\\/uploads\\\/2024\\\/12\\\/andriguetto-logo.jpg\",\"width\":341,\"height\":131,\"caption\":\"Andriguetto | Hortifruti Granjeiro\"},\"image\":{\"@id\":\"https:\\\/\\\/dev.aemsolutions.com.br\\\/andriguetto\\\/#\\\/schema\\\/logo\\\/image\\\/\"}}]}<\/script>\n<!-- \/ Yoast SEO plugin. -->","yoast_head_json":{"title":"Minha conta - Andriguetto | Hortifruti Granjeiro","robots":{"index":"noindex","follow":"follow","max-snippet":"max-snippet:-1","max-image-preview":"max-image-preview:large","max-video-preview":"max-video-preview:-1"},"og_locale":"pt_BR","og_type":"article","og_title":"Minha conta - Andriguetto | Hortifruti Granjeiro","og_description":"Painel Meus pedidos Downloads Endere\u00e7o Minha conta Sair Painel Meus pedidos Downloads Endere\u00e7o Minha conta Sair Painel Meus pedidos Downloads Endere\u00e7o Minha conta Sair Painel Meus pedidos Downloads Endere\u00e7o Minha conta Sair Ol\u00e1, root (n\u00e3o \u00e9 root? Sair) A partir do painel de controle de sua conta, voc\u00ea pode ver suas compras recentes, gerenciar seus [&hellip;]","og_url":"https:\/\/dev.aemsolutions.com.br\/andriguetto\/my-account\/","og_site_name":"Andriguetto | Hortifruti Granjeiro","article_modified_time":"2025-08-18T17:17:37+00:00","twitter_card":"summary_large_image","twitter_misc":{"Est. tempo de leitura":"2 minutos"},"schema":{"@context":"https:\/\/schema.org","@graph":[{"@type":"WebPage","@id":"https:\/\/dev.aemsolutions.com.br\/andriguetto\/my-account\/","url":"https:\/\/dev.aemsolutions.com.br\/andriguetto\/my-account\/","name":"Minha conta - Andriguetto | Hortifruti Granjeiro","isPartOf":{"@id":"https:\/\/dev.aemsolutions.com.br\/andriguetto\/#website"},"datePublished":"2024-12-13T13:33:04+00:00","dateModified":"2025-08-18T17:17:37+00:00","breadcrumb":{"@id":"https:\/\/dev.aemsolutions.com.br\/andriguetto\/my-account\/#breadcrumb"},"inLanguage":"pt-BR","potentialAction":[{"@type":"ReadAction","target":["https:\/\/dev.aemsolutions.com.br\/andriguetto\/my-account\/"]}]},{"@type":"BreadcrumbList","@id":"https:\/\/dev.aemsolutions.com.br\/andriguetto\/my-account\/#breadcrumb","itemListElement":[{"@type":"ListItem","position":1,"name":"In\u00edcio","item":"https:\/\/dev.aemsolutions.com.br\/andriguetto\/"},{"@type":"ListItem","position":2,"name":"Minha conta"}]},{"@type":"WebSite","@id":"https:\/\/dev.aemsolutions.com.br\/andriguetto\/#website","url":"https:\/\/dev.aemsolutions.com.br\/andriguetto\/","name":"Andriguetto | Hortifruti Granjeiro","description":"","publisher":{"@id":"https:\/\/dev.aemsolutions.com.br\/andriguetto\/#organization"},"potentialAction":[{"@type":"SearchAction","target":{"@type":"EntryPoint","urlTemplate":"https:\/\/dev.aemsolutions.com.br\/andriguetto\/?s={search_term_string}"},"query-input":{"@type":"PropertyValueSpecification","valueRequired":true,"valueName":"search_term_string"}}],"inLanguage":"pt-BR"},{"@type":"Organization","@id":"https:\/\/dev.aemsolutions.com.br\/andriguetto\/#organization","name":"Andriguetto | Hortifruti Granjeiro","url":"https:\/\/dev.aemsolutions.com.br\/andriguetto\/","logo":{"@type":"ImageObject","inLanguage":"pt-BR","@id":"https:\/\/dev.aemsolutions.com.br\/andriguetto\/#\/schema\/logo\/image\/","url":"https:\/\/dev.aemsolutions.com.br\/andriguetto\/wp-content\/uploads\/2024\/12\/andriguetto-logo.jpg","contentUrl":"https:\/\/dev.aemsolutions.com.br\/andriguetto\/wp-content\/uploads\/2024\/12\/andriguetto-logo.jpg","width":341,"height":131,"caption":"Andriguetto | Hortifruti Granjeiro"},"image":{"@id":"https:\/\/dev.aemsolutions.com.br\/andriguetto\/#\/schema\/logo\/image\/"}}]}},"_links":{"self":[{"href":"https:\/\/dev.aemsolutions.com.br\/andriguetto\/wp-json\/wp\/v2\/pages\/12","targetHints":{"allow":["GET"]}}],"collection":[{"href":"https:\/\/dev.aemsolutions.com.br\/andriguetto\/wp-json\/wp\/v2\/pages"}],"about":[{"href":"https:\/\/dev.aemsolutions.com.br\/andriguetto\/wp-json\/wp\/v2\/types\/page"}],"author":[{"embeddable":true,"href":"https:\/\/dev.aemsolutions.com.br\/andriguetto\/wp-json\/wp\/v2\/users\/1"}],"replies":[{"embeddable":true,"href":"https:\/\/dev.aemsolutions.com.br\/andriguetto\/wp-json\/wp\/v2\/comments?post=12"}],"version-history":[{"count":163,"href":"https:\/\/dev.aemsolutions.com.br\/andriguetto\/wp-json\/wp\/v2\/pages\/12\/revisions"}],"predecessor-version":[{"id":2051,"href":"https:\/\/dev.aemsolutions.com.br\/andriguetto\/wp-json\/wp\/v2\/pages\/12\/revisions\/2051"}],"wp:attachment":[{"href":"https:\/\/dev.aemsolutions.com.br\/andriguetto\/wp-json\/wp\/v2\/media?parent=12"}],"curies":[{"name":"wp","href":"https:\/\/api.w.org\/{rel}","templated":true}]}}