{"id":68,"date":"2024-12-13T10:52:00","date_gmt":"2024-12-13T13:52:00","guid":{"rendered":"http:\/\/localhost\/aem-solutions\/loja-virtual-war-gym\/?page_id=68"},"modified":"2025-08-18T14:09:12","modified_gmt":"2025-08-18T17:09:12","slug":"contato","status":"publish","type":"page","link":"https:\/\/dev.aemsolutions.com.br\/andriguetto\/contato\/","title":{"rendered":"Contato"},"content":{"rendered":"\t\t<div data-elementor-type=\"wp-page\" data-elementor-id=\"68\" class=\"elementor elementor-68\" data-elementor-post-type=\"page\">\n\t\t\t\t<div class=\"elementor-element elementor-element-f7546c0 e-flex e-con-boxed e-con e-parent\" data-id=\"f7546c0\" data-element_type=\"container\" data-e-type=\"container\" data-settings=\"{&quot;background_background&quot;:&quot;classic&quot;}\">\n\t\t\t\t\t<div class=\"e-con-inner\">\n\t\t<div class=\"elementor-element elementor-element-6eea4b9 e-con-full e-flex e-con e-child\" data-id=\"6eea4b9\" data-element_type=\"container\" data-e-type=\"container\">\n\t\t\t\t<div class=\"elementor-element elementor-element-af983b2 elementor-widget elementor-widget-heading\" data-id=\"af983b2\" data-element_type=\"widget\" data-e-type=\"widget\" data-widget_type=\"heading.default\">\n\t\t\t\t<div class=\"elementor-widget-container\">\n\t\t\t\t\t<p class=\"elementor-heading-title elementor-size-default\">Contato\n<\/p>\t\t\t\t<\/div>\n\t\t\t\t<\/div>\n\t\t\t\t<\/div>\n\t\t\t\t\t<\/div>\n\t\t\t\t<\/div>\n\t\t<div class=\"elementor-element elementor-element-d580bdb e-flex e-con-boxed e-con e-parent\" data-id=\"d580bdb\" data-element_type=\"container\" data-e-type=\"container\">\n\t\t\t\t\t<div class=\"e-con-inner\">\n\t\t<div class=\"elementor-element elementor-element-4a97387 e-con-full e-flex e-con e-child\" data-id=\"4a97387\" data-element_type=\"container\" data-e-type=\"container\">\n\t\t<div class=\"elementor-element elementor-element-737673b e-con-full e-flex e-con e-child\" data-id=\"737673b\" data-element_type=\"container\" data-e-type=\"container\">\n\t\t\t\t<div class=\"elementor-element elementor-element-42b377c elementor-widget__width-inherit elementor-widget elementor-widget-heading\" data-id=\"42b377c\" data-element_type=\"widget\" data-e-type=\"widget\" data-widget_type=\"heading.default\">\n\t\t\t\t<div class=\"elementor-widget-container\">\n\t\t\t\t\t<p class=\"elementor-heading-title elementor-size-default\">Contato<\/p>\t\t\t\t<\/div>\n\t\t\t\t<\/div>\n\t\t\t\t<div class=\"elementor-element elementor-element-d59341c elementor-mobile-align-center elementor-widget__width-inherit elementor-icon-list--layout-traditional elementor-list-item-link-full_width elementor-widget elementor-widget-icon-list\" data-id=\"d59341c\" data-element_type=\"widget\" data-e-type=\"widget\" data-widget_type=\"icon-list.default\">\n\t\t\t\t<div class=\"elementor-widget-container\">\n\t\t\t\t\t\t\t<ul class=\"elementor-icon-list-items\">\n\t\t\t\t\t\t\t<li class=\"elementor-icon-list-item\">\n\t\t\t\t\t\t\t\t\t\t\t<a href=\"https:\/\/api.whatsapp.com\/send\/?phone=554184099175&#038;text&#038;type=phone_number&#038;app_absent=0\" target=\"_blank\">\n\n\t\t\t\t\t\t\t\t\t\t\t\t<span class=\"elementor-icon-list-icon\">\n\t\t\t\t\t\t\t<i aria-hidden=\"true\" class=\"fab fa-whatsapp\"><\/i>\t\t\t\t\t\t<\/span>\n\t\t\t\t\t\t\t\t\t\t<span class=\"elementor-icon-list-text\">(41) 9 9619-5714<\/span>\n\t\t\t\t\t\t\t\t\t\t\t<\/a>\n\t\t\t\t\t\t\t\t\t<\/li>\n\t\t\t\t\t\t\t\t<li class=\"elementor-icon-list-item\">\n\t\t\t\t\t\t\t\t\t\t<span class=\"elementor-icon-list-text\">contato@andriguetto.com.br<\/span>\n\t\t\t\t\t\t\t\t\t<\/li>\n\t\t\t\t\t\t<\/ul>\n\t\t\t\t\t\t<\/div>\n\t\t\t\t<\/div>\n\t\t\t\t<div class=\"elementor-element elementor-element-6f917cd elementor-widget__width-inherit elementor-widget elementor-widget-heading\" data-id=\"6f917cd\" data-element_type=\"widget\" data-e-type=\"widget\" data-widget_type=\"heading.default\">\n\t\t\t\t<div class=\"elementor-widget-container\">\n\t\t\t\t\t<p class=\"elementor-heading-title elementor-size-default\">Hor\u00e1rio de funcionamento<\/p>\t\t\t\t<\/div>\n\t\t\t\t<\/div>\n\t\t\t\t<div class=\"elementor-element elementor-element-1645992 elementor-mobile-align-center elementor-widget__width-inherit elementor-icon-list--layout-traditional elementor-list-item-link-full_width elementor-widget elementor-widget-icon-list\" data-id=\"1645992\" data-element_type=\"widget\" data-e-type=\"widget\" data-widget_type=\"icon-list.default\">\n\t\t\t\t<div class=\"elementor-widget-container\">\n\t\t\t\t\t\t\t<ul class=\"elementor-icon-list-items\">\n\t\t\t\t\t\t\t<li class=\"elementor-icon-list-item\">\n\t\t\t\t\t\t\t\t\t\t<span class=\"elementor-icon-list-text\">Segunda \u00e0 sexta: 08:00 \u00e0s 18:00<\/span>\n\t\t\t\t\t\t\t\t\t<\/li>\n\t\t\t\t\t\t<\/ul>\n\t\t\t\t\t\t<\/div>\n\t\t\t\t<\/div>\n\t\t\t\t<div class=\"elementor-element elementor-element-078c9d8 elementor-widget__width-inherit elementor-widget elementor-widget-heading\" data-id=\"078c9d8\" data-element_type=\"widget\" data-e-type=\"widget\" data-widget_type=\"heading.default\">\n\t\t\t\t<div class=\"elementor-widget-container\">\n\t\t\t\t\t<p class=\"elementor-heading-title elementor-size-default\">Localiza\u00e7\u00e3o<\/p>\t\t\t\t<\/div>\n\t\t\t\t<\/div>\n\t\t\t\t<div class=\"elementor-element elementor-element-ff0aa3e elementor-mobile-align-center elementor-widget__width-inherit elementor-icon-list--layout-traditional elementor-list-item-link-full_width elementor-widget elementor-widget-icon-list\" data-id=\"ff0aa3e\" data-element_type=\"widget\" data-e-type=\"widget\" data-widget_type=\"icon-list.default\">\n\t\t\t\t<div class=\"elementor-widget-container\">\n\t\t\t\t\t\t\t<ul class=\"elementor-icon-list-items\">\n\t\t\t\t\t\t\t<li class=\"elementor-icon-list-item\">\n\t\t\t\t\t\t\t\t\t\t<span class=\"elementor-icon-list-text\">Ceasa - BOX 345, BR 116 km, Tatuquara, Curitiba\/PR<\/span>\n\t\t\t\t\t\t\t\t\t<\/li>\n\t\t\t\t\t\t<\/ul>\n\t\t\t\t\t\t<\/div>\n\t\t\t\t<\/div>\n\t\t\t\t<\/div>\n\t\t<div class=\"elementor-element elementor-element-6054969 e-con-full e-flex e-con e-child\" data-id=\"6054969\" data-element_type=\"container\" data-e-type=\"container\">\n\t\t\t\t<div class=\"elementor-element elementor-element-82c586f formulario elementor-button-align-stretch elementor-widget elementor-widget-form\" data-id=\"82c586f\" data-element_type=\"widget\" data-e-type=\"widget\" data-settings=\"{&quot;step_next_label&quot;:&quot;Next&quot;,&quot;step_previous_label&quot;:&quot;Previous&quot;,&quot;button_width&quot;:&quot;100&quot;,&quot;step_type&quot;:&quot;number_text&quot;,&quot;step_icon_shape&quot;:&quot;circle&quot;}\" data-widget_type=\"form.default\">\n\t\t\t\t<div class=\"elementor-widget-container\">\n\t\t\t\t\t\t\t<form class=\"elementor-form\" method=\"post\" name=\"New Form\" aria-label=\"New Form\">\n\t\t\t<input type=\"hidden\" name=\"post_id\" value=\"68\"\/>\n\t\t\t<input type=\"hidden\" name=\"form_id\" value=\"82c586f\"\/>\n\t\t\t<input type=\"hidden\" name=\"referer_title\" value=\"Contato - Andriguetto | Hortifruti Granjeiro\" \/>\n\n\t\t\t\t\t\t\t<input type=\"hidden\" name=\"queried_id\" value=\"68\"\/>\n\t\t\t\n\t\t\t<div class=\"elementor-form-fields-wrapper elementor-labels-\">\n\t\t\t\t\t\t\t\t<div class=\"elementor-field-type-text elementor-field-group elementor-column elementor-field-group-name elementor-col-100 elementor-field-required\">\n\t\t\t\t\t\t\t\t\t\t\t\t\t<input size=\"1\" type=\"text\" name=\"form_fields[name]\" id=\"form-field-name\" class=\"elementor-field elementor-size-sm  elementor-field-textual\" placeholder=\"Nome *\" required=\"required\">\n\t\t\t\t\t\t\t\t\t\t\t<\/div>\n\t\t\t\t\t\t\t\t<div class=\"elementor-field-type-email elementor-field-group elementor-column elementor-field-group-email elementor-col-100 elementor-field-required\">\n\t\t\t\t\t\t\t\t\t\t\t\t\t<input size=\"1\" type=\"email\" name=\"form_fields[email]\" id=\"form-field-email\" class=\"elementor-field elementor-size-sm  elementor-field-textual\" placeholder=\"E-mail  *\" required=\"required\">\n\t\t\t\t\t\t\t\t\t\t\t<\/div>\n\t\t\t\t\t\t\t\t<div class=\"elementor-field-type-text elementor-field-group elementor-column elementor-field-group-field_14f393f elementor-col-100 elementor-field-required\">\n\t\t\t\t\t\t\t\t\t\t\t\t\t<input size=\"1\" type=\"text\" name=\"form_fields[field_14f393f]\" id=\"form-field-field_14f393f\" class=\"elementor-field elementor-size-sm  elementor-field-textual\" placeholder=\"Telefone  *\" required=\"required\">\n\t\t\t\t\t\t\t\t\t\t\t<\/div>\n\t\t\t\t\t\t\t\t<div class=\"elementor-field-type-textarea elementor-field-group elementor-column elementor-field-group-field_946475d elementor-col-100\">\n\t\t\t\t\t<textarea class=\"elementor-field-textual elementor-field  elementor-size-sm\" name=\"form_fields[field_946475d]\" id=\"form-field-field_946475d\" rows=\"4\" placeholder=\"Messagem\"><\/textarea>\t\t\t\t<\/div>\n\t\t\t\t\t\t\t\t<div class=\"elementor-field-type-recaptcha_v3 elementor-field-group elementor-column elementor-field-group-field_ea495f8 elementor-col-100 recaptcha_v3-bottomright\">\n\t\t\t\t\t<div class=\"elementor-field\" id=\"form-field-field_ea495f8\"><div class=\"elementor-g-recaptcha\" data-sitekey=\"6Le65cAqAAAAADdIg4m8JJCNqtZ7TdJjgZ_ibsaK\" data-type=\"v3\" data-action=\"Form\" data-badge=\"bottomright\" data-size=\"invisible\"><\/div><\/div>\t\t\t\t<\/div>\n\t\t\t\t\t\t\t\t<div class=\"elementor-field-group elementor-column elementor-field-type-submit elementor-col-100 e-form__buttons\">\n\t\t\t\t\t<button class=\"elementor-button elementor-size-sm\" type=\"submit\">\n\t\t\t\t\t\t<span class=\"elementor-button-content-wrapper\">\n\t\t\t\t\t\t\t\t\t\t\t\t\t\t\t<span class=\"elementor-button-icon\">\n\t\t\t\t\t\t\t\t\t<i aria-hidden=\"true\" class=\"fas fa-paper-plane\"><\/i>\t\t\t\t\t\t\t\t\t\t\t\t\t\t\t\t\t<\/span>\n\t\t\t\t\t\t\t\t\t\t\t\t\t\t\t\t\t\t\t\t\t\t<span class=\"elementor-button-text\">Enviar<\/span>\n\t\t\t\t\t\t\t\t\t\t\t\t\t<\/span>\n\t\t\t\t\t<\/button>\n\t\t\t\t<\/div>\n\t\t\t<\/div>\n\t\t<\/form>\n\t\t\t\t\t\t<\/div>\n\t\t\t\t<\/div>\n\t\t\t\t<\/div>\n\t\t\t\t<\/div>\n\t\t\t\t\t<\/div>\n\t\t\t\t<\/div>\n\t\t\t\t<\/div>\n\t\t","protected":false},"excerpt":{"rendered":"<p>Contato Contato (41) 9 9619-5714 contato@andriguetto.com.br Hor\u00e1rio de funcionamento Segunda \u00e0 sexta: 08:00 \u00e0s 18:00 Localiza\u00e7\u00e3o Ceasa &#8211; BOX 345, BR 116 km, Tatuquara, Curitiba\/PR<\/p>\n","protected":false},"author":1,"featured_media":0,"parent":0,"menu_order":0,"comment_status":"closed","ping_status":"closed","template":"elementor_header_footer","meta":{"footnotes":""},"class_list":["post-68","page","type-page","status-publish","hentry"],"yoast_head":"<!-- This site is optimized with the Yoast SEO plugin v27.5 - https:\/\/yoast.com\/product\/yoast-seo-wordpress\/ -->\n<title>Contato - Andriguetto | Hortifruti Granjeiro<\/title>\n<meta name=\"robots\" content=\"noindex, follow, max-snippet:-1, max-image-preview:large, max-video-preview:-1\" \/>\n<meta property=\"og:locale\" content=\"pt_BR\" \/>\n<meta property=\"og:type\" content=\"article\" \/>\n<meta property=\"og:title\" content=\"Contato - Andriguetto | Hortifruti Granjeiro\" \/>\n<meta property=\"og:description\" content=\"Contato Contato (41) 9 9619-5714 contato@andriguetto.com.br Hor\u00e1rio de funcionamento Segunda \u00e0 sexta: 08:00 \u00e0s 18:00 Localiza\u00e7\u00e3o Ceasa &#8211; BOX 345, BR 116 km, Tatuquara, Curitiba\/PR\" \/>\n<meta property=\"og:url\" content=\"https:\/\/dev.aemsolutions.com.br\/andriguetto\/contato\/\" \/>\n<meta property=\"og:site_name\" content=\"Andriguetto | Hortifruti Granjeiro\" \/>\n<meta property=\"article:modified_time\" content=\"2025-08-18T17:09:12+00:00\" \/>\n<meta name=\"twitter:card\" content=\"summary_large_image\" \/>\n<meta name=\"twitter:label1\" content=\"Est. tempo de leitura\" \/>\n\t<meta name=\"twitter:data1\" content=\"1 minuto\" \/>\n<script type=\"application\/ld+json\" class=\"yoast-schema-graph\">{\"@context\":\"https:\\\/\\\/schema.org\",\"@graph\":[{\"@type\":\"WebPage\",\"@id\":\"https:\\\/\\\/dev.aemsolutions.com.br\\\/andriguetto\\\/contato\\\/\",\"url\":\"https:\\\/\\\/dev.aemsolutions.com.br\\\/andriguetto\\\/contato\\\/\",\"name\":\"Contato - Andriguetto | Hortifruti Granjeiro\",\"isPartOf\":{\"@id\":\"https:\\\/\\\/dev.aemsolutions.com.br\\\/andriguetto\\\/#website\"},\"datePublished\":\"2024-12-13T13:52:00+00:00\",\"dateModified\":\"2025-08-18T17:09:12+00:00\",\"breadcrumb\":{\"@id\":\"https:\\\/\\\/dev.aemsolutions.com.br\\\/andriguetto\\\/contato\\\/#breadcrumb\"},\"inLanguage\":\"pt-BR\",\"potentialAction\":[{\"@type\":\"ReadAction\",\"target\":[\"https:\\\/\\\/dev.aemsolutions.com.br\\\/andriguetto\\\/contato\\\/\"]}]},{\"@type\":\"BreadcrumbList\",\"@id\":\"https:\\\/\\\/dev.aemsolutions.com.br\\\/andriguetto\\\/contato\\\/#breadcrumb\",\"itemListElement\":[{\"@type\":\"ListItem\",\"position\":1,\"name\":\"In\u00edcio\",\"item\":\"https:\\\/\\\/dev.aemsolutions.com.br\\\/andriguetto\\\/\"},{\"@type\":\"ListItem\",\"position\":2,\"name\":\"Contato\"}]},{\"@type\":\"WebSite\",\"@id\":\"https:\\\/\\\/dev.aemsolutions.com.br\\\/andriguetto\\\/#website\",\"url\":\"https:\\\/\\\/dev.aemsolutions.com.br\\\/andriguetto\\\/\",\"name\":\"Andriguetto | Hortifruti Granjeiro\",\"description\":\"\",\"publisher\":{\"@id\":\"https:\\\/\\\/dev.aemsolutions.com.br\\\/andriguetto\\\/#organization\"},\"potentialAction\":[{\"@type\":\"SearchAction\",\"target\":{\"@type\":\"EntryPoint\",\"urlTemplate\":\"https:\\\/\\\/dev.aemsolutions.com.br\\\/andriguetto\\\/?s={search_term_string}\"},\"query-input\":{\"@type\":\"PropertyValueSpecification\",\"valueRequired\":true,\"valueName\":\"search_term_string\"}}],\"inLanguage\":\"pt-BR\"},{\"@type\":\"Organization\",\"@id\":\"https:\\\/\\\/dev.aemsolutions.com.br\\\/andriguetto\\\/#organization\",\"name\":\"Andriguetto | Hortifruti Granjeiro\",\"url\":\"https:\\\/\\\/dev.aemsolutions.com.br\\\/andriguetto\\\/\",\"logo\":{\"@type\":\"ImageObject\",\"inLanguage\":\"pt-BR\",\"@id\":\"https:\\\/\\\/dev.aemsolutions.com.br\\\/andriguetto\\\/#\\\/schema\\\/logo\\\/image\\\/\",\"url\":\"https:\\\/\\\/dev.aemsolutions.com.br\\\/andriguetto\\\/wp-content\\\/uploads\\\/2024\\\/12\\\/andriguetto-logo.jpg\",\"contentUrl\":\"https:\\\/\\\/dev.aemsolutions.com.br\\\/andriguetto\\\/wp-content\\\/uploads\\\/2024\\\/12\\\/andriguetto-logo.jpg\",\"width\":341,\"height\":131,\"caption\":\"Andriguetto | Hortifruti Granjeiro\"},\"image\":{\"@id\":\"https:\\\/\\\/dev.aemsolutions.com.br\\\/andriguetto\\\/#\\\/schema\\\/logo\\\/image\\\/\"}}]}<\/script>\n<!-- \/ Yoast SEO plugin. -->","yoast_head_json":{"title":"Contato - Andriguetto | Hortifruti Granjeiro","robots":{"index":"noindex","follow":"follow","max-snippet":"max-snippet:-1","max-image-preview":"max-image-preview:large","max-video-preview":"max-video-preview:-1"},"og_locale":"pt_BR","og_type":"article","og_title":"Contato - Andriguetto | Hortifruti Granjeiro","og_description":"Contato Contato (41) 9 9619-5714 contato@andriguetto.com.br Hor\u00e1rio de funcionamento Segunda \u00e0 sexta: 08:00 \u00e0s 18:00 Localiza\u00e7\u00e3o Ceasa &#8211; BOX 345, BR 116 km, Tatuquara, Curitiba\/PR","og_url":"https:\/\/dev.aemsolutions.com.br\/andriguetto\/contato\/","og_site_name":"Andriguetto | Hortifruti Granjeiro","article_modified_time":"2025-08-18T17:09:12+00:00","twitter_card":"summary_large_image","twitter_misc":{"Est. tempo de leitura":"1 minuto"},"schema":{"@context":"https:\/\/schema.org","@graph":[{"@type":"WebPage","@id":"https:\/\/dev.aemsolutions.com.br\/andriguetto\/contato\/","url":"https:\/\/dev.aemsolutions.com.br\/andriguetto\/contato\/","name":"Contato - Andriguetto | Hortifruti Granjeiro","isPartOf":{"@id":"https:\/\/dev.aemsolutions.com.br\/andriguetto\/#website"},"datePublished":"2024-12-13T13:52:00+00:00","dateModified":"2025-08-18T17:09:12+00:00","breadcrumb":{"@id":"https:\/\/dev.aemsolutions.com.br\/andriguetto\/contato\/#breadcrumb"},"inLanguage":"pt-BR","potentialAction":[{"@type":"ReadAction","target":["https:\/\/dev.aemsolutions.com.br\/andriguetto\/contato\/"]}]},{"@type":"BreadcrumbList","@id":"https:\/\/dev.aemsolutions.com.br\/andriguetto\/contato\/#breadcrumb","itemListElement":[{"@type":"ListItem","position":1,"name":"In\u00edcio","item":"https:\/\/dev.aemsolutions.com.br\/andriguetto\/"},{"@type":"ListItem","position":2,"name":"Contato"}]},{"@type":"WebSite","@id":"https:\/\/dev.aemsolutions.com.br\/andriguetto\/#website","url":"https:\/\/dev.aemsolutions.com.br\/andriguetto\/","name":"Andriguetto | Hortifruti Granjeiro","description":"","publisher":{"@id":"https:\/\/dev.aemsolutions.com.br\/andriguetto\/#organization"},"potentialAction":[{"@type":"SearchAction","target":{"@type":"EntryPoint","urlTemplate":"https:\/\/dev.aemsolutions.com.br\/andriguetto\/?s={search_term_string}"},"query-input":{"@type":"PropertyValueSpecification","valueRequired":true,"valueName":"search_term_string"}}],"inLanguage":"pt-BR"},{"@type":"Organization","@id":"https:\/\/dev.aemsolutions.com.br\/andriguetto\/#organization","name":"Andriguetto | Hortifruti Granjeiro","url":"https:\/\/dev.aemsolutions.com.br\/andriguetto\/","logo":{"@type":"ImageObject","inLanguage":"pt-BR","@id":"https:\/\/dev.aemsolutions.com.br\/andriguetto\/#\/schema\/logo\/image\/","url":"https:\/\/dev.aemsolutions.com.br\/andriguetto\/wp-content\/uploads\/2024\/12\/andriguetto-logo.jpg","contentUrl":"https:\/\/dev.aemsolutions.com.br\/andriguetto\/wp-content\/uploads\/2024\/12\/andriguetto-logo.jpg","width":341,"height":131,"caption":"Andriguetto | Hortifruti Granjeiro"},"image":{"@id":"https:\/\/dev.aemsolutions.com.br\/andriguetto\/#\/schema\/logo\/image\/"}}]}},"_links":{"self":[{"href":"https:\/\/dev.aemsolutions.com.br\/andriguetto\/wp-json\/wp\/v2\/pages\/68","targetHints":{"allow":["GET"]}}],"collection":[{"href":"https:\/\/dev.aemsolutions.com.br\/andriguetto\/wp-json\/wp\/v2\/pages"}],"about":[{"href":"https:\/\/dev.aemsolutions.com.br\/andriguetto\/wp-json\/wp\/v2\/types\/page"}],"author":[{"embeddable":true,"href":"https:\/\/dev.aemsolutions.com.br\/andriguetto\/wp-json\/wp\/v2\/users\/1"}],"replies":[{"embeddable":true,"href":"https:\/\/dev.aemsolutions.com.br\/andriguetto\/wp-json\/wp\/v2\/comments?post=68"}],"version-history":[{"count":166,"href":"https:\/\/dev.aemsolutions.com.br\/andriguetto\/wp-json\/wp\/v2\/pages\/68\/revisions"}],"predecessor-version":[{"id":2041,"href":"https:\/\/dev.aemsolutions.com.br\/andriguetto\/wp-json\/wp\/v2\/pages\/68\/revisions\/2041"}],"wp:attachment":[{"href":"https:\/\/dev.aemsolutions.com.br\/andriguetto\/wp-json\/wp\/v2\/media?parent=68"}],"curies":[{"name":"wp","href":"https:\/\/api.w.org\/{rel}","templated":true}]}}