{"id":1456,"date":"2025-02-05T16:38:07","date_gmt":"2025-02-05T16:38:07","guid":{"rendered":"https:\/\/cubatao.aemsolutions.com.br\/?page_id=1456"},"modified":"2025-02-27T16:41:35","modified_gmt":"2025-02-27T16:41:35","slug":"resultados-participativos","status":"publish","type":"page","link":"https:\/\/dev.aemsolutions.com.br\/orcamento-participativo-testes\/resultados-participativos\/","title":{"rendered":"Resultados Participativos"},"content":{"rendered":"\t\t<div data-elementor-type=\"wp-page\" data-elementor-id=\"1456\" class=\"elementor elementor-1456\" data-elementor-post-type=\"page\">\n\t\t\t\t<div class=\"elementor-element elementor-element-266621d e-flex e-con-boxed e-con e-parent\" data-id=\"266621d\" data-element_type=\"container\">\n\t\t\t\t\t<div class=\"e-con-inner\">\n\t\t\t\t<div class=\"elementor-element elementor-element-e07a123 elementor-widget elementor-widget-heading\" data-id=\"e07a123\" data-element_type=\"widget\" data-widget_type=\"heading.default\">\n\t\t\t\t<div class=\"elementor-widget-container\">\n\t\t\t\t\t<h1 class=\"elementor-heading-title elementor-size-default\">Resultado Pariticipativo do<br> Munic\u00edpio de Cubat\u00e3o<\/h1>\t\t\t\t<\/div>\n\t\t\t\t<\/div>\n\t\t\t\t\t<\/div>\n\t\t\t\t<\/div>\n\t\t<div class=\"elementor-element elementor-element-a2316b9 e-flex e-con-boxed e-con e-parent\" data-id=\"a2316b9\" data-element_type=\"container\">\n\t\t\t\t\t<div class=\"e-con-inner\">\n\t\t\t\t<div class=\"elementor-element elementor-element-6772ed8 elementor-widget elementor-widget-shortcode\" data-id=\"6772ed8\" data-element_type=\"widget\" data-widget_type=\"shortcode.default\">\n\t\t\t\t<div class=\"elementor-widget-container\">\n\t\t\t\t\t\t\t<div class=\"elementor-shortcode\">    <main>\n    <aside class=\"orcamento-sidebar\">\n          <div class=\"orcamento-space\"><\/div>\n          <form id=\"filtro-orcamento\">\n                <select id=\"filtro-ano\">\n                    <option value=\"\">Selecione um ano<\/option>\n                                    <\/select>\n            <\/form>\n    <\/aside>  \n    <div class=\"orcamento-container\">\n        <div class=\"orcamento-main\">\n            <div id=\"resultado-orcamento\" data-paged=\"1\">\n                <p>Nenhum or\u00e7amento encontrado.<\/p>            <\/div>\n        <\/div>\n           \n    <\/div>\n    <\/main>\n  \n    \n    <script>\n    document.getElementById('filtro-ano').addEventListener('change', function() {\n        carregarOrcamentos(1);\n    });\n    \n    function carregarOrcamentos(paged) {\n        var ano = document.getElementById('filtro-ano').value;\n        var xhr = new XMLHttpRequest();\n        xhr.open('POST', 'https:\/\/dev.aemsolutions.com.br\/orcamento-participativo-testes\/wp-admin\/admin-ajax.php', true);\n        xhr.setRequestHeader('Content-Type', 'application\/x-www-form-urlencoded');\n        xhr.onreadystatechange = function() {\n            if (xhr.readyState === 4 && xhr.status === 200) {\n                document.getElementById('resultado-orcamento').innerHTML = xhr.responseText;\n                document.getElementById('resultado-orcamento').setAttribute('data-paged', paged);\n            }\n        };\n        xhr.send('action=filtrar_orcamento&ano=' + ano + '&paged=' + paged);\n    }\n    <\/script>\n    <\/div>\n\t\t\t\t\t\t<\/div>\n\t\t\t\t<\/div>\n\t\t\t\t\t<\/div>\n\t\t\t\t<\/div>\n\t\t\t\t<\/div>\n\t\t","protected":false},"excerpt":{"rendered":"<p>Resultado Pariticipativo do Munic\u00edpio de Cubat\u00e3o<\/p>\n","protected":false},"author":1,"featured_media":0,"parent":0,"menu_order":0,"comment_status":"closed","ping_status":"closed","template":"elementor_header_footer","meta":{"footnotes":""},"class_list":["post-1456","page","type-page","status-publish","hentry"],"acf":[],"yoast_head":"<!-- This site is optimized with the Yoast SEO plugin v25.4 - https:\/\/yoast.com\/wordpress\/plugins\/seo\/ -->\n<title>Resultados Participativos - Or\u00e7amento Participativo<\/title>\n<meta name=\"robots\" content=\"index, follow, max-snippet:-1, max-image-preview:large, max-video-preview:-1\" \/>\n<link rel=\"canonical\" href=\"https:\/\/dev.aemsolutions.com.br\/orcamento-participativo-testes\/resultados-participativos\/\" \/>\n<meta property=\"og:locale\" content=\"pt_BR\" \/>\n<meta property=\"og:type\" content=\"article\" \/>\n<meta property=\"og:title\" content=\"Resultados Participativos - Or\u00e7amento Participativo\" \/>\n<meta property=\"og:description\" content=\"Resultado Pariticipativo do Munic\u00edpio de Cubat\u00e3o\" \/>\n<meta property=\"og:url\" content=\"https:\/\/dev.aemsolutions.com.br\/orcamento-participativo-testes\/resultados-participativos\/\" \/>\n<meta property=\"og:site_name\" content=\"Or\u00e7amento Participativo\" \/>\n<meta property=\"article:modified_time\" content=\"2025-02-27T16:41:35+00:00\" \/>\n<meta name=\"twitter:card\" content=\"summary_large_image\" \/>\n<script type=\"application\/ld+json\" class=\"yoast-schema-graph\">{\"@context\":\"https:\/\/schema.org\",\"@graph\":[{\"@type\":\"WebPage\",\"@id\":\"https:\/\/dev.aemsolutions.com.br\/orcamento-participativo-testes\/resultados-participativos\/\",\"url\":\"https:\/\/dev.aemsolutions.com.br\/orcamento-participativo-testes\/resultados-participativos\/\",\"name\":\"Resultados Participativos - Or\u00e7amento Participativo\",\"isPartOf\":{\"@id\":\"https:\/\/dev.aemsolutions.com.br\/orcamento-participativo-testes\/#website\"},\"datePublished\":\"2025-02-05T16:38:07+00:00\",\"dateModified\":\"2025-02-27T16:41:35+00:00\",\"breadcrumb\":{\"@id\":\"https:\/\/dev.aemsolutions.com.br\/orcamento-participativo-testes\/resultados-participativos\/#breadcrumb\"},\"inLanguage\":\"pt-BR\",\"potentialAction\":[{\"@type\":\"ReadAction\",\"target\":[\"https:\/\/dev.aemsolutions.com.br\/orcamento-participativo-testes\/resultados-participativos\/\"]}]},{\"@type\":\"BreadcrumbList\",\"@id\":\"https:\/\/dev.aemsolutions.com.br\/orcamento-participativo-testes\/resultados-participativos\/#breadcrumb\",\"itemListElement\":[{\"@type\":\"ListItem\",\"position\":1,\"name\":\"In\u00edcio\",\"item\":\"https:\/\/dev.aemsolutions.com.br\/orcamento-participativo-testes\/\"},{\"@type\":\"ListItem\",\"position\":2,\"name\":\"Resultados Participativos\"}]},{\"@type\":\"WebSite\",\"@id\":\"https:\/\/dev.aemsolutions.com.br\/orcamento-participativo-testes\/#website\",\"url\":\"https:\/\/dev.aemsolutions.com.br\/orcamento-participativo-testes\/\",\"name\":\"Or\u00e7amento Participativo\",\"description\":\"Or\u00e7amento Participativo do Mun\u00edcipio de Cubat\u00e3o\",\"publisher\":{\"@id\":\"https:\/\/dev.aemsolutions.com.br\/orcamento-participativo-testes\/#organization\"},\"potentialAction\":[{\"@type\":\"SearchAction\",\"target\":{\"@type\":\"EntryPoint\",\"urlTemplate\":\"https:\/\/dev.aemsolutions.com.br\/orcamento-participativo-testes\/?s={search_term_string}\"},\"query-input\":{\"@type\":\"PropertyValueSpecification\",\"valueRequired\":true,\"valueName\":\"search_term_string\"}}],\"inLanguage\":\"pt-BR\"},{\"@type\":\"Organization\",\"@id\":\"https:\/\/dev.aemsolutions.com.br\/orcamento-participativo-testes\/#organization\",\"name\":\"Or\u00e7amento Participativo\",\"url\":\"https:\/\/dev.aemsolutions.com.br\/orcamento-participativo-testes\/\",\"logo\":{\"@type\":\"ImageObject\",\"inLanguage\":\"pt-BR\",\"@id\":\"https:\/\/dev.aemsolutions.com.br\/orcamento-participativo-testes\/#\/schema\/logo\/image\/\",\"url\":\"https:\/\/dev.aemsolutions.com.br\/orcamento-participativo-testes\/wp-content\/uploads\/2025\/02\/cubatao-logo.png\",\"contentUrl\":\"https:\/\/dev.aemsolutions.com.br\/orcamento-participativo-testes\/wp-content\/uploads\/2025\/02\/cubatao-logo.png\",\"width\":316,\"height\":90,\"caption\":\"Or\u00e7amento Participativo\"},\"image\":{\"@id\":\"https:\/\/dev.aemsolutions.com.br\/orcamento-participativo-testes\/#\/schema\/logo\/image\/\"}}]}<\/script>\n<!-- \/ Yoast SEO plugin. -->","yoast_head_json":{"title":"Resultados Participativos - Or\u00e7amento Participativo","robots":{"index":"index","follow":"follow","max-snippet":"max-snippet:-1","max-image-preview":"max-image-preview:large","max-video-preview":"max-video-preview:-1"},"canonical":"https:\/\/dev.aemsolutions.com.br\/orcamento-participativo-testes\/resultados-participativos\/","og_locale":"pt_BR","og_type":"article","og_title":"Resultados Participativos - Or\u00e7amento Participativo","og_description":"Resultado Pariticipativo do Munic\u00edpio de Cubat\u00e3o","og_url":"https:\/\/dev.aemsolutions.com.br\/orcamento-participativo-testes\/resultados-participativos\/","og_site_name":"Or\u00e7amento Participativo","article_modified_time":"2025-02-27T16:41:35+00:00","twitter_card":"summary_large_image","schema":{"@context":"https:\/\/schema.org","@graph":[{"@type":"WebPage","@id":"https:\/\/dev.aemsolutions.com.br\/orcamento-participativo-testes\/resultados-participativos\/","url":"https:\/\/dev.aemsolutions.com.br\/orcamento-participativo-testes\/resultados-participativos\/","name":"Resultados Participativos - Or\u00e7amento Participativo","isPartOf":{"@id":"https:\/\/dev.aemsolutions.com.br\/orcamento-participativo-testes\/#website"},"datePublished":"2025-02-05T16:38:07+00:00","dateModified":"2025-02-27T16:41:35+00:00","breadcrumb":{"@id":"https:\/\/dev.aemsolutions.com.br\/orcamento-participativo-testes\/resultados-participativos\/#breadcrumb"},"inLanguage":"pt-BR","potentialAction":[{"@type":"ReadAction","target":["https:\/\/dev.aemsolutions.com.br\/orcamento-participativo-testes\/resultados-participativos\/"]}]},{"@type":"BreadcrumbList","@id":"https:\/\/dev.aemsolutions.com.br\/orcamento-participativo-testes\/resultados-participativos\/#breadcrumb","itemListElement":[{"@type":"ListItem","position":1,"name":"In\u00edcio","item":"https:\/\/dev.aemsolutions.com.br\/orcamento-participativo-testes\/"},{"@type":"ListItem","position":2,"name":"Resultados Participativos"}]},{"@type":"WebSite","@id":"https:\/\/dev.aemsolutions.com.br\/orcamento-participativo-testes\/#website","url":"https:\/\/dev.aemsolutions.com.br\/orcamento-participativo-testes\/","name":"Or\u00e7amento Participativo","description":"Or\u00e7amento Participativo do Mun\u00edcipio de Cubat\u00e3o","publisher":{"@id":"https:\/\/dev.aemsolutions.com.br\/orcamento-participativo-testes\/#organization"},"potentialAction":[{"@type":"SearchAction","target":{"@type":"EntryPoint","urlTemplate":"https:\/\/dev.aemsolutions.com.br\/orcamento-participativo-testes\/?s={search_term_string}"},"query-input":{"@type":"PropertyValueSpecification","valueRequired":true,"valueName":"search_term_string"}}],"inLanguage":"pt-BR"},{"@type":"Organization","@id":"https:\/\/dev.aemsolutions.com.br\/orcamento-participativo-testes\/#organization","name":"Or\u00e7amento Participativo","url":"https:\/\/dev.aemsolutions.com.br\/orcamento-participativo-testes\/","logo":{"@type":"ImageObject","inLanguage":"pt-BR","@id":"https:\/\/dev.aemsolutions.com.br\/orcamento-participativo-testes\/#\/schema\/logo\/image\/","url":"https:\/\/dev.aemsolutions.com.br\/orcamento-participativo-testes\/wp-content\/uploads\/2025\/02\/cubatao-logo.png","contentUrl":"https:\/\/dev.aemsolutions.com.br\/orcamento-participativo-testes\/wp-content\/uploads\/2025\/02\/cubatao-logo.png","width":316,"height":90,"caption":"Or\u00e7amento Participativo"},"image":{"@id":"https:\/\/dev.aemsolutions.com.br\/orcamento-participativo-testes\/#\/schema\/logo\/image\/"}}]}},"_links":{"self":[{"href":"https:\/\/dev.aemsolutions.com.br\/orcamento-participativo-testes\/wp-json\/wp\/v2\/pages\/1456","targetHints":{"allow":["GET"]}}],"collection":[{"href":"https:\/\/dev.aemsolutions.com.br\/orcamento-participativo-testes\/wp-json\/wp\/v2\/pages"}],"about":[{"href":"https:\/\/dev.aemsolutions.com.br\/orcamento-participativo-testes\/wp-json\/wp\/v2\/types\/page"}],"author":[{"embeddable":true,"href":"https:\/\/dev.aemsolutions.com.br\/orcamento-participativo-testes\/wp-json\/wp\/v2\/users\/1"}],"replies":[{"embeddable":true,"href":"https:\/\/dev.aemsolutions.com.br\/orcamento-participativo-testes\/wp-json\/wp\/v2\/comments?post=1456"}],"version-history":[{"count":73,"href":"https:\/\/dev.aemsolutions.com.br\/orcamento-participativo-testes\/wp-json\/wp\/v2\/pages\/1456\/revisions"}],"predecessor-version":[{"id":1778,"href":"https:\/\/dev.aemsolutions.com.br\/orcamento-participativo-testes\/wp-json\/wp\/v2\/pages\/1456\/revisions\/1778"}],"wp:attachment":[{"href":"https:\/\/dev.aemsolutions.com.br\/orcamento-participativo-testes\/wp-json\/wp\/v2\/media?parent=1456"}],"curies":[{"name":"wp","href":"https:\/\/api.w.org\/{rel}","templated":true}]}}