{"id":327,"date":"2025-07-21T16:13:04","date_gmt":"2025-07-21T19:13:04","guid":{"rendered":"https:\/\/dev.aemsolutions.com.br\/uvminas\/?page_id=327"},"modified":"2025-08-04T15:07:11","modified_gmt":"2025-08-04T18:07:11","slug":"filie-se","status":"publish","type":"page","link":"https:\/\/dev.aemsolutions.com.br\/uvminas\/filie-se\/","title":{"rendered":"Filie-se"},"content":{"rendered":"\t\t<div data-elementor-type=\"wp-page\" data-elementor-id=\"327\" class=\"elementor elementor-327\" data-elementor-post-type=\"page\">\n\t\t\t\t<div class=\"elementor-element elementor-element-93520bd e-flex e-con-boxed e-con e-parent\" data-id=\"93520bd\" data-element_type=\"container\" data-settings=\"{&quot;background_background&quot;:&quot;classic&quot;}\">\n\t\t\t\t\t<div class=\"e-con-inner\">\n\t\t<div class=\"elementor-element elementor-element-f7f99d4 e-con-full e-flex e-con e-child\" data-id=\"f7f99d4\" data-element_type=\"container\">\n\t\t\t\t<div class=\"elementor-element elementor-element-a6d2a5a elementor-widget elementor-widget-heading\" data-id=\"a6d2a5a\" data-element_type=\"widget\" data-widget_type=\"heading.default\">\n\t\t\t\t\t<p class=\"elementor-heading-title elementor-size-default\">Filie-se Gratuitamente<\/p>\t\t\t\t<\/div>\n\t\t\t\t<\/div>\n\t\t\t\t\t<\/div>\n\t\t\t\t<\/div>\n\t\t<div class=\"elementor-element elementor-element-8406705 e-flex e-con-boxed e-con e-parent\" data-id=\"8406705\" data-element_type=\"container\">\n\t\t\t\t\t<div class=\"e-con-inner\">\n\t\t<div class=\"elementor-element elementor-element-4a178a4 e-con-full e-flex e-con e-child\" data-id=\"4a178a4\" data-element_type=\"container\" data-settings=\"{&quot;background_background&quot;:&quot;classic&quot;}\">\n\t\t<div class=\"elementor-element elementor-element-cb845ed e-con-full e-flex e-con e-child\" data-id=\"cb845ed\" data-element_type=\"container\">\n\t\t\t\t<div class=\"elementor-element elementor-element-29630fe elementor-widget__width-inherit elementor-widget elementor-widget-heading\" data-id=\"29630fe\" data-element_type=\"widget\" data-widget_type=\"heading.default\">\n\t\t\t\t\t<p class=\"elementor-heading-title elementor-size-default\">Preencha os campos e entraremos em contato!<\/p>\t\t\t\t<\/div>\n\t\t\t\t<div class=\"elementor-element elementor-element-689c09d elementor-widget__width-initial elementor-widget elementor-widget-heading\" data-id=\"689c09d\" data-element_type=\"widget\" data-widget_type=\"heading.default\">\n\t\t\t\t\t<p class=\"elementor-heading-title elementor-size-default\">Associe-se e tenha acesso a diversas oportunidades e benef\u00edcios. E tamb\u00e9m a eventos, cursos, projetos e todas as a\u00e7\u00f5es da UV MInas!<\/p>\t\t\t\t<\/div>\n\t\t\t\t<\/div>\n\t\t<div class=\"elementor-element elementor-element-593e203 e-con-full e-flex e-con e-child\" data-id=\"593e203\" data-element_type=\"container\">\n\t\t\t\t<div class=\"elementor-element elementor-element-0660aa6 elementor-button-align-stretch elementor-widget elementor-widget-form\" data-id=\"0660aa6\" data-element_type=\"widget\" data-settings=\"{&quot;step_next_label&quot;:&quot;Next&quot;,&quot;step_previous_label&quot;:&quot;Previous&quot;,&quot;button_width&quot;:&quot;100&quot;,&quot;step_type&quot;:&quot;number_text&quot;,&quot;step_icon_shape&quot;:&quot;circle&quot;}\" data-widget_type=\"form.default\">\n\t\t\t\t\t\t\t<form class=\"elementor-form\" method=\"post\" name=\"New Form\" aria-label=\"New Form\">\n\t\t\t<input type=\"hidden\" name=\"post_id\" value=\"327\"\/>\n\t\t\t<input type=\"hidden\" name=\"form_id\" value=\"0660aa6\"\/>\n\t\t\t<input type=\"hidden\" name=\"referer_title\" value=\"Filie-se\" \/>\n\n\t\t\t\t\t\t\t<input type=\"hidden\" name=\"queried_id\" value=\"327\"\/>\n\t\t\t\n\t\t\t<div class=\"elementor-form-fields-wrapper elementor-labels-\">\n\t\t\t\t\t\t\t\t<div class=\"elementor-field-type-text elementor-field-group elementor-column elementor-field-group-name elementor-col-100 elementor-field-required\">\n\t\t\t\t\t\t\t\t\t\t\t\t<label for=\"form-field-name\" class=\"elementor-field-label elementor-screen-only\">\n\t\t\t\t\t\t\t\tNome\t\t\t\t\t\t\t<\/label>\n\t\t\t\t\t\t\t\t\t\t\t\t\t\t<input size=\"1\" type=\"text\" name=\"form_fields[name]\" id=\"form-field-name\" class=\"elementor-field elementor-size-md  elementor-field-textual\" placeholder=\"Nome\" required=\"required\">\n\t\t\t\t\t\t\t\t\t\t\t<\/div>\n\t\t\t\t\t\t\t\t<div class=\"elementor-field-type-text elementor-field-group elementor-column elementor-field-group-field_0d2cd80 elementor-col-50 elementor-field-required\">\n\t\t\t\t\t\t\t\t\t\t\t\t<label for=\"form-field-field_0d2cd80\" class=\"elementor-field-label elementor-screen-only\">\n\t\t\t\t\t\t\t\tCargo\t\t\t\t\t\t\t<\/label>\n\t\t\t\t\t\t\t\t\t\t\t\t\t\t<input size=\"1\" type=\"text\" name=\"form_fields[field_0d2cd80]\" id=\"form-field-field_0d2cd80\" class=\"elementor-field elementor-size-md  elementor-field-textual\" placeholder=\"Cargo\" required=\"required\">\n\t\t\t\t\t\t\t\t\t\t\t<\/div>\n\t\t\t\t\t\t\t\t<div class=\"elementor-field-type-tel elementor-field-group elementor-column elementor-field-group-field_236beb0 elementor-col-50 elementor-field-required\">\n\t\t\t\t\t\t\t\t\t\t\t\t<label for=\"form-field-field_236beb0\" class=\"elementor-field-label elementor-screen-only\">\n\t\t\t\t\t\t\t\tTelefone\t\t\t\t\t\t\t<\/label>\n\t\t\t\t\t\t\t\t<input size=\"1\" type=\"tel\" name=\"form_fields[field_236beb0]\" id=\"form-field-field_236beb0\" class=\"elementor-field elementor-size-md  elementor-field-textual\" placeholder=\"Telefone\" required=\"required\" pattern=\"[0-9()#&amp;+*-=.]+\" title=\"Only numbers and phone characters (#, -, *, etc) are accepted.\">\n\n\t\t\t\t\t\t<\/div>\n\t\t\t\t\t\t\t\t<div class=\"elementor-field-type-text elementor-field-group elementor-column elementor-field-group-field_317a703 elementor-col-50 elementor-field-required\">\n\t\t\t\t\t\t\t\t\t\t\t\t<label for=\"form-field-field_317a703\" class=\"elementor-field-label elementor-screen-only\">\n\t\t\t\t\t\t\t\tPartido\t\t\t\t\t\t\t<\/label>\n\t\t\t\t\t\t\t\t\t\t\t\t\t\t<input size=\"1\" type=\"text\" name=\"form_fields[field_317a703]\" id=\"form-field-field_317a703\" class=\"elementor-field elementor-size-md  elementor-field-textual\" placeholder=\"Partido\" required=\"required\">\n\t\t\t\t\t\t\t\t\t\t\t<\/div>\n\t\t\t\t\t\t\t\t<div class=\"elementor-field-type-text elementor-field-group elementor-column elementor-field-group-field_8331867 elementor-col-50 elementor-field-required\">\n\t\t\t\t\t\t\t\t\t\t\t\t<label for=\"form-field-field_8331867\" class=\"elementor-field-label elementor-screen-only\">\n\t\t\t\t\t\t\t\tInstagram\t\t\t\t\t\t\t<\/label>\n\t\t\t\t\t\t\t\t\t\t\t\t\t\t<input size=\"1\" type=\"text\" name=\"form_fields[field_8331867]\" id=\"form-field-field_8331867\" class=\"elementor-field elementor-size-md  elementor-field-textual\" placeholder=\"Instagram\" required=\"required\">\n\t\t\t\t\t\t\t\t\t\t\t<\/div>\n\t\t\t\t\t\t\t\t<div class=\"elementor-field-type-text elementor-field-group elementor-column elementor-field-group-email elementor-col-100 elementor-field-required\">\n\t\t\t\t\t\t\t\t\t\t\t\t<label for=\"form-field-email\" class=\"elementor-field-label elementor-screen-only\">\n\t\t\t\t\t\t\t\tCidade\t\t\t\t\t\t\t<\/label>\n\t\t\t\t\t\t\t\t\t\t\t\t\t\t<input size=\"1\" type=\"text\" name=\"form_fields[email]\" id=\"form-field-email\" class=\"elementor-field elementor-size-md  elementor-field-textual\" placeholder=\"Cidade\" required=\"required\">\n\t\t\t\t\t\t\t\t\t\t\t<\/div>\n\t\t\t\t\t\t\t\t<div class=\"elementor-field-type-text elementor-field-group elementor-column elementor-field-group-field_46a641c elementor-col-100\">\n\t\t\t\t\t\t\t\t\t\t\t\t<label for=\"form-field-field_46a641c\" class=\"elementor-field-label elementor-screen-only\">\n\t\t\t\t\t\t\t\tEstado\t\t\t\t\t\t\t<\/label>\n\t\t\t\t\t\t\t\t\t\t\t\t\t\t<input size=\"1\" type=\"text\" name=\"form_fields[field_46a641c]\" id=\"form-field-field_46a641c\" class=\"elementor-field elementor-size-md  elementor-field-textual\" placeholder=\"Estado\">\n\t\t\t\t\t\t\t\t\t\t\t<\/div>\n\t\t\t\t\t\t\t\t<div class=\"elementor-field-type-email elementor-field-group elementor-column elementor-field-group-field_751860b elementor-col-100 elementor-field-required\">\n\t\t\t\t\t\t\t\t\t\t\t\t<label for=\"form-field-field_751860b\" class=\"elementor-field-label elementor-screen-only\">\n\t\t\t\t\t\t\t\tEmail\t\t\t\t\t\t\t<\/label>\n\t\t\t\t\t\t\t\t\t\t\t\t\t\t<input size=\"1\" type=\"email\" name=\"form_fields[field_751860b]\" id=\"form-field-field_751860b\" class=\"elementor-field elementor-size-md  elementor-field-textual\" placeholder=\"E-mail\" required=\"required\">\n\t\t\t\t\t\t\t\t\t\t\t<\/div>\n\t\t\t\t\t\t\t\t<div class=\"elementor-field-group elementor-column elementor-field-type-submit elementor-col-100 e-form__buttons\">\n\t\t\t\t\t<button class=\"elementor-button elementor-size-md\" type=\"submit\">\n\t\t\t\t\t\t<span class=\"elementor-button-content-wrapper\">\n\t\t\t\t\t\t\t\t\t\t\t\t\t\t\t\t\t\t\t\t\t\t<span class=\"elementor-button-text\">Enviar<\/span>\n\t\t\t\t\t\t\t\t\t\t\t\t\t<\/span>\n\t\t\t\t\t<\/button>\n\t\t\t\t<\/div>\n\t\t\t<\/div>\n\t\t<\/form>\n\t\t\t\t\t\t<\/div>\n\t\t\t\t<\/div>\n\t\t\t\t<\/div>\n\t\t\t\t\t<\/div>\n\t\t\t\t<\/div>\n\t\t<div class=\"elementor-element elementor-element-1b3bc2a e-flex e-con-boxed e-con e-parent\" data-id=\"1b3bc2a\" data-element_type=\"container\">\n\t\t\t\t\t<div class=\"e-con-inner\">\n\t\t<div class=\"elementor-element elementor-element-a0d8505 e-con-full e-flex e-con e-child\" data-id=\"a0d8505\" data-element_type=\"container\">\n\t\t<div class=\"elementor-element elementor-element-f6f6c98 e-con-full e-flex e-con e-child\" data-id=\"f6f6c98\" data-element_type=\"container\">\n\t\t\t\t<div class=\"elementor-element elementor-element-f25a814 elementor-widget elementor-widget-image\" data-id=\"f25a814\" data-element_type=\"widget\" data-widget_type=\"image.default\">\n\t\t\t\t\t\t\t\t\t\t\t\t\t\t\t<img fetchpriority=\"high\" decoding=\"async\" width=\"960\" height=\"448\" src=\"https:\/\/dev.aemsolutions.com.br\/uvminas\/wp-content\/uploads\/2025\/07\/20250702_135506-1024x478.jpg\" class=\"attachment-large size-large wp-image-244\" alt=\"\" srcset=\"https:\/\/dev.aemsolutions.com.br\/uvminas\/wp-content\/uploads\/2025\/07\/20250702_135506-1024x478.jpg 1024w, https:\/\/dev.aemsolutions.com.br\/uvminas\/wp-content\/uploads\/2025\/07\/20250702_135506-300x140.jpg 300w, https:\/\/dev.aemsolutions.com.br\/uvminas\/wp-content\/uploads\/2025\/07\/20250702_135506-768x359.jpg 768w, https:\/\/dev.aemsolutions.com.br\/uvminas\/wp-content\/uploads\/2025\/07\/20250702_135506-1536x717.jpg 1536w, https:\/\/dev.aemsolutions.com.br\/uvminas\/wp-content\/uploads\/2025\/07\/20250702_135506-2048x956.jpg 2048w\" sizes=\"(max-width: 960px) 100vw, 960px\" \/>\t\t\t\t\t\t\t\t\t\t\t\t\t\t\t<\/div>\n\t\t\t\t<\/div>\n\t\t<div class=\"elementor-element elementor-element-4bb8789 e-con-full e-flex e-con e-child\" data-id=\"4bb8789\" data-element_type=\"container\">\n\t\t\t\t<div class=\"elementor-element elementor-element-c18f66f elementor-widget elementor-widget-heading\" data-id=\"c18f66f\" data-element_type=\"widget\" data-widget_type=\"heading.default\">\n\t\t\t\t\t<p class=\"elementor-heading-title elementor-size-default\">Defender o municipalismo e fortalecer o parlamento<\/p>\t\t\t\t<\/div>\n\t\t\t\t<div class=\"elementor-element elementor-element-1aae572 elementor-widget__width-initial elementor-widget elementor-widget-heading\" data-id=\"1aae572\" data-element_type=\"widget\" data-widget_type=\"heading.default\">\n\t\t\t\t\t<p class=\"elementor-heading-title elementor-size-default\">Promover o bem estar social atrav\u00e9s da conquista de emendas parlamentares e acesso livre \u00e0 ALMG - Assembleia Legislativa de Minas Gerais, Congresso Nacional e Governo do Estado, fortalecendo o elo entre os poderes para conquista de mais recursos aos munic\u00edpios de Minas Gerais.<\/p>\t\t\t\t<\/div>\n\t\t\t\t<\/div>\n\t\t\t\t<\/div>\n\t\t\t\t\t<\/div>\n\t\t\t\t<\/div>\n\t\t<div class=\"elementor-element elementor-element-6e1f23a e-flex e-con-boxed e-con e-parent\" data-id=\"6e1f23a\" data-element_type=\"container\" data-settings=\"{&quot;background_background&quot;:&quot;classic&quot;}\">\n\t\t\t\t\t<div class=\"e-con-inner\">\n\t\t<div class=\"elementor-element elementor-element-bacec6f e-con-full e-flex e-con e-child\" data-id=\"bacec6f\" data-element_type=\"container\">\n\t\t<div class=\"elementor-element elementor-element-0684e9e e-con-full e-flex e-con e-child\" data-id=\"0684e9e\" data-element_type=\"container\">\n\t\t\t\t<div class=\"elementor-element elementor-element-91db825 elementor-widget elementor-widget-heading\" data-id=\"91db825\" data-element_type=\"widget\" data-widget_type=\"heading.default\">\n\t\t\t\t\t<p class=\"elementor-heading-title elementor-size-default\">Convite \u00e0 Filia\u00e7\u00e3o\n<\/p>\t\t\t\t<\/div>\n\t\t\t\t<\/div>\n\t\t<div class=\"elementor-element elementor-element-401a86e e-con-full e-flex e-con e-child\" data-id=\"401a86e\" data-element_type=\"container\">\n\t\t<div class=\"elementor-element elementor-element-d3a1af8 e-con-full e-flex e-con e-child\" data-id=\"d3a1af8\" data-element_type=\"container\">\n\t\t\t\t<div class=\"elementor-element elementor-element-fa9ec76 elementor-widget__width-initial elementor-widget elementor-widget-heading\" data-id=\"fa9ec76\" data-element_type=\"widget\" data-widget_type=\"heading.default\">\n\t\t\t\t\t<p class=\"elementor-heading-title elementor-size-default\">Fortalecer o Parlamento \u00e9 atender bem\u00a0o\u00a0Povo.\n<\/p>\t\t\t\t<\/div>\n\t\t\t\t<div class=\"elementor-element elementor-element-134ac87 elementor-widget__width-initial elementor-widget elementor-widget-heading\" data-id=\"134ac87\" data-element_type=\"widget\" data-widget_type=\"heading.default\">\n\t\t\t\t\t<p class=\"elementor-heading-title elementor-size-default\">Prezado(a) Vereador\/Gestor Municipal<br>\n<br>\n\u00c9 com grande entusiasmo que convidamos voc\u00ea a se filiar GRATUITAMENTE \u00e0 nossa associa\u00e7\u00e3o, que tem como miss\u00e3o promover o desenvolvimento e a melhoria da qualidade de vida em nossa comunidade. <br>Sua participa\u00e7\u00e3o \u00e9 fundamental para fortalecermos nossas a\u00e7\u00f5es e ampliarmos nosso impacto.\n<br><br>\nNa nossa associa\u00e7\u00e3o, reunimos l\u00edderes comprometidos com a transforma\u00e7\u00e3o social, onde trabalhamos em conjunto para enfrentar os desafios que nossa cidade enfrenta. <br><br>Ao se filiar, voc\u00ea ter\u00e1 a oportunidade de:<br>\n\n- Participar de discuss\u00f5es e decis\u00f5es que moldam o futuro de nossa comunidade.<br>\n- Acessar recursos e informa\u00e7\u00f5es que podem auxiliar na sua atua\u00e7\u00e3o.<br>\n- Contribuir para projetos e iniciativas que beneficiem a popula\u00e7\u00e3o.<br>\n- Fortalecer sua rede de contatos e parcerias com outros gestores e vereadores.<br><br>\n\nAcreditamos que, unidos, podemos fazer a diferen\u00e7a. Por isso, contamos com a sua ades\u00e3o para que possamos avan\u00e7ar juntos em prol de um futuro melhor para todos.\n<br><br>\nPara mais informa\u00e7\u00f5es sobre a filia\u00e7\u00e3o e os benef\u00edcios de se tornar um membro da nossa associa\u00e7\u00e3o, entre em contato conosco pelo telefone [n\u00famero] ou pelo e-mail [e-mail].<br><br>\n\nAguardamos ansiosamente a sua ades\u00e3o!<br><br>\n \nAtenciosamente:<br><br>\nJo\u00e3o Paulo Felizardo <br>\nPresidente\n<\/p>\t\t\t\t<\/div>\n\t\t\t\t<\/div>\n\t\t<div class=\"elementor-element elementor-element-8b40977 e-con-full e-flex e-con e-child\" data-id=\"8b40977\" data-element_type=\"container\">\n\t\t\t\t<div class=\"elementor-element elementor-element-9f0f6ca elementor-widget elementor-widget-image\" data-id=\"9f0f6ca\" data-element_type=\"widget\" data-widget_type=\"image.default\">\n\t\t\t\t\t\t\t\t\t\t\t\t\t\t\t<img fetchpriority=\"high\" decoding=\"async\" width=\"960\" height=\"448\" src=\"https:\/\/dev.aemsolutions.com.br\/uvminas\/wp-content\/uploads\/2025\/07\/20250702_135506-1024x478.jpg\" class=\"attachment-large size-large wp-image-244\" alt=\"\" srcset=\"https:\/\/dev.aemsolutions.com.br\/uvminas\/wp-content\/uploads\/2025\/07\/20250702_135506-1024x478.jpg 1024w, https:\/\/dev.aemsolutions.com.br\/uvminas\/wp-content\/uploads\/2025\/07\/20250702_135506-300x140.jpg 300w, https:\/\/dev.aemsolutions.com.br\/uvminas\/wp-content\/uploads\/2025\/07\/20250702_135506-768x359.jpg 768w, https:\/\/dev.aemsolutions.com.br\/uvminas\/wp-content\/uploads\/2025\/07\/20250702_135506-1536x717.jpg 1536w, https:\/\/dev.aemsolutions.com.br\/uvminas\/wp-content\/uploads\/2025\/07\/20250702_135506-2048x956.jpg 2048w\" sizes=\"(max-width: 960px) 100vw, 960px\" \/>\t\t\t\t\t\t\t\t\t\t\t\t\t\t\t<\/div>\n\t\t\t\t<\/div>\n\t\t\t\t<\/div>\n\t\t\t\t<\/div>\n\t\t<div class=\"elementor-element elementor-element-df1eee1 e-con-full e-flex e-con e-child\" data-id=\"df1eee1\" data-element_type=\"container\">\n\t\t\t\t<div class=\"elementor-element elementor-element-f99a0b3 elementor-share-buttons--view-icon-text elementor-share-buttons--skin-gradient elementor-share-buttons--shape-square elementor-grid-0 elementor-share-buttons--color-official elementor-widget elementor-widget-share-buttons\" data-id=\"f99a0b3\" data-element_type=\"widget\" data-widget_type=\"share-buttons.default\">\n\t\t\t\t\t\t\t<div class=\"elementor-grid\" role=\"list\">\n\t\t\t\t\t\t\t\t<div class=\"elementor-grid-item\" role=\"listitem\">\n\t\t\t\t\t\t<div class=\"elementor-share-btn elementor-share-btn_whatsapp\" role=\"button\" tabindex=\"0\" aria-label=\"Share on whatsapp\">\n\t\t\t\t\t\t\t\t\t\t\t\t\t\t\t<span class=\"elementor-share-btn__icon\">\n\t\t\t\t\t\t\t\t<svg class=\"e-font-icon-svg e-fab-whatsapp\" viewBox=\"0 0 448 512\" xmlns=\"http:\/\/www.w3.org\/2000\/svg\"><path d=\"M380.9 97.1C339 55.1 283.2 32 223.9 32c-122.4 0-222 99.6-222 222 0 39.1 10.2 77.3 29.6 111L0 480l117.7-30.9c32.4 17.7 68.9 27 106.1 27h.1c122.3 0 224.1-99.6 224.1-222 0-59.3-25.2-115-67.1-157zm-157 341.6c-33.2 0-65.7-8.9-94-25.7l-6.7-4-69.8 18.3L72 359.2l-4.4-7c-18.5-29.4-28.2-63.3-28.2-98.2 0-101.7 82.8-184.5 184.6-184.5 49.3 0 95.6 19.2 130.4 54.1 34.8 34.9 56.2 81.2 56.1 130.5 0 101.8-84.9 184.6-186.6 184.6zm101.2-138.2c-5.5-2.8-32.8-16.2-37.9-18-5.1-1.9-8.8-2.8-12.5 2.8-3.7 5.6-14.3 18-17.6 21.8-3.2 3.7-6.5 4.2-12 1.4-32.6-16.3-54-29.1-75.5-66-5.7-9.8 5.7-9.1 16.3-30.3 1.8-3.7.9-6.9-.5-9.7-1.4-2.8-12.5-30.1-17.1-41.2-4.5-10.8-9.1-9.3-12.5-9.5-3.2-.2-6.9-.2-10.6-.2-3.7 0-9.7 1.4-14.8 6.9-5.1 5.6-19.4 19-19.4 46.3 0 27.3 19.9 53.7 22.6 57.4 2.8 3.7 39.1 59.7 94.8 83.8 35.2 15.2 49 16.5 66.6 13.9 10.7-1.6 32.8-13.4 37.4-26.4 4.6-13 4.6-24.1 3.2-26.4-1.3-2.5-5-3.9-10.5-6.6z\"><\/path><\/svg>\t\t\t\t\t\t\t<\/span>\n\t\t\t\t\t\t\t\t\t\t\t\t\t\t\t\t\t\t\t\t\t\t<div class=\"elementor-share-btn__text\">\n\t\t\t\t\t\t\t\t\t\t\t\t\t\t\t\t\t\t\t<span class=\"elementor-share-btn__title\">\n\t\t\t\t\t\t\t\t\t\tWhatsApp\t\t\t\t\t\t\t\t\t<\/span>\n\t\t\t\t\t\t\t\t\t\t\t\t\t\t\t\t\t<\/div>\n\t\t\t\t\t\t\t\t\t\t\t\t\t<\/div>\n\t\t\t\t\t<\/div>\n\t\t\t\t\t\t\t\t\t<div class=\"elementor-grid-item\" role=\"listitem\">\n\t\t\t\t\t\t<div class=\"elementor-share-btn elementor-share-btn_twitter\" role=\"button\" tabindex=\"0\" aria-label=\"Share on twitter\">\n\t\t\t\t\t\t\t\t\t\t\t\t\t\t\t<span class=\"elementor-share-btn__icon\">\n\t\t\t\t\t\t\t\t<svg class=\"e-font-icon-svg e-fab-twitter\" viewBox=\"0 0 512 512\" xmlns=\"http:\/\/www.w3.org\/2000\/svg\"><path d=\"M459.37 151.716c.325 4.548.325 9.097.325 13.645 0 138.72-105.583 298.558-298.558 298.558-59.452 0-114.68-17.219-161.137-47.106 8.447.974 16.568 1.299 25.34 1.299 49.055 0 94.213-16.568 130.274-44.832-46.132-.975-84.792-31.188-98.112-72.772 6.498.974 12.995 1.624 19.818 1.624 9.421 0 18.843-1.3 27.614-3.573-48.081-9.747-84.143-51.98-84.143-102.985v-1.299c13.969 7.797 30.214 12.67 47.431 13.319-28.264-18.843-46.781-51.005-46.781-87.391 0-19.492 5.197-37.36 14.294-52.954 51.655 63.675 129.3 105.258 216.365 109.807-1.624-7.797-2.599-15.918-2.599-24.04 0-57.828 46.782-104.934 104.934-104.934 30.213 0 57.502 12.67 76.67 33.137 23.715-4.548 46.456-13.32 66.599-25.34-7.798 24.366-24.366 44.833-46.132 57.827 21.117-2.273 41.584-8.122 60.426-16.243-14.292 20.791-32.161 39.308-52.628 54.253z\"><\/path><\/svg>\t\t\t\t\t\t\t<\/span>\n\t\t\t\t\t\t\t\t\t\t\t\t\t\t\t\t\t\t\t\t\t\t<div class=\"elementor-share-btn__text\">\n\t\t\t\t\t\t\t\t\t\t\t\t\t\t\t\t\t\t\t<span class=\"elementor-share-btn__title\">\n\t\t\t\t\t\t\t\t\t\tTwitter\t\t\t\t\t\t\t\t\t<\/span>\n\t\t\t\t\t\t\t\t\t\t\t\t\t\t\t\t\t<\/div>\n\t\t\t\t\t\t\t\t\t\t\t\t\t<\/div>\n\t\t\t\t\t<\/div>\n\t\t\t\t\t\t\t\t\t<div class=\"elementor-grid-item\" role=\"listitem\">\n\t\t\t\t\t\t<div class=\"elementor-share-btn elementor-share-btn_linkedin\" role=\"button\" tabindex=\"0\" aria-label=\"Share on linkedin\">\n\t\t\t\t\t\t\t\t\t\t\t\t\t\t\t<span class=\"elementor-share-btn__icon\">\n\t\t\t\t\t\t\t\t<svg class=\"e-font-icon-svg e-fab-linkedin\" viewBox=\"0 0 448 512\" xmlns=\"http:\/\/www.w3.org\/2000\/svg\"><path d=\"M416 32H31.9C14.3 32 0 46.5 0 64.3v383.4C0 465.5 14.3 480 31.9 480H416c17.6 0 32-14.5 32-32.3V64.3c0-17.8-14.4-32.3-32-32.3zM135.4 416H69V202.2h66.5V416zm-33.2-243c-21.3 0-38.5-17.3-38.5-38.5S80.9 96 102.2 96c21.2 0 38.5 17.3 38.5 38.5 0 21.3-17.2 38.5-38.5 38.5zm282.1 243h-66.4V312c0-24.8-.5-56.7-34.5-56.7-34.6 0-39.9 27-39.9 54.9V416h-66.4V202.2h63.7v29.2h.9c8.9-16.8 30.6-34.5 62.9-34.5 67.2 0 79.7 44.3 79.7 101.9V416z\"><\/path><\/svg>\t\t\t\t\t\t\t<\/span>\n\t\t\t\t\t\t\t\t\t\t\t\t\t\t\t\t\t\t\t\t\t\t<div class=\"elementor-share-btn__text\">\n\t\t\t\t\t\t\t\t\t\t\t\t\t\t\t\t\t\t\t<span class=\"elementor-share-btn__title\">\n\t\t\t\t\t\t\t\t\t\tLinkedIn\t\t\t\t\t\t\t\t\t<\/span>\n\t\t\t\t\t\t\t\t\t\t\t\t\t\t\t\t\t<\/div>\n\t\t\t\t\t\t\t\t\t\t\t\t\t<\/div>\n\t\t\t\t\t<\/div>\n\t\t\t\t\t\t\t\t\t<div class=\"elementor-grid-item\" role=\"listitem\">\n\t\t\t\t\t\t<div class=\"elementor-share-btn elementor-share-btn_facebook\" role=\"button\" tabindex=\"0\" aria-label=\"Share on facebook\">\n\t\t\t\t\t\t\t\t\t\t\t\t\t\t\t<span class=\"elementor-share-btn__icon\">\n\t\t\t\t\t\t\t\t<svg class=\"e-font-icon-svg e-fab-facebook\" viewBox=\"0 0 512 512\" xmlns=\"http:\/\/www.w3.org\/2000\/svg\"><path d=\"M504 256C504 119 393 8 256 8S8 119 8 256c0 123.78 90.69 226.38 209.25 245V327.69h-63V256h63v-54.64c0-62.15 37-96.48 93.67-96.48 27.14 0 55.52 4.84 55.52 4.84v61h-31.28c-30.8 0-40.41 19.12-40.41 38.73V256h68.78l-11 71.69h-57.78V501C413.31 482.38 504 379.78 504 256z\"><\/path><\/svg>\t\t\t\t\t\t\t<\/span>\n\t\t\t\t\t\t\t\t\t\t\t\t\t\t\t\t\t\t\t\t\t\t<div class=\"elementor-share-btn__text\">\n\t\t\t\t\t\t\t\t\t\t\t\t\t\t\t\t\t\t\t<span class=\"elementor-share-btn__title\">\n\t\t\t\t\t\t\t\t\t\tFacebook\t\t\t\t\t\t\t\t\t<\/span>\n\t\t\t\t\t\t\t\t\t\t\t\t\t\t\t\t\t<\/div>\n\t\t\t\t\t\t\t\t\t\t\t\t\t<\/div>\n\t\t\t\t\t<\/div>\n\t\t\t\t\t\t<\/div>\n\t\t\t\t\t\t<\/div>\n\t\t\t\t<\/div>\n\t\t<div class=\"elementor-element elementor-element-0c40afd e-con-full e-flex e-con e-child\" data-id=\"0c40afd\" data-element_type=\"container\" data-settings=\"{&quot;background_background&quot;:&quot;classic&quot;}\">\n\t\t<div class=\"elementor-element elementor-element-0dc9772 e-con-full e-flex e-con e-child\" data-id=\"0dc9772\" data-element_type=\"container\">\n\t\t<div class=\"elementor-element elementor-element-3005546 e-con-full e-flex e-con e-child\" data-id=\"3005546\" data-element_type=\"container\">\n\t\t\t\t<div class=\"elementor-element elementor-element-88ae0f6 elementor-widget elementor-widget-heading\" data-id=\"88ae0f6\" data-element_type=\"widget\" data-widget_type=\"heading.default\">\n\t\t\t\t\t<p class=\"elementor-heading-title elementor-size-default\">Comunidade da UV Minas no Whatsapp<\/p>\t\t\t\t<\/div>\n\t\t\t\t<div class=\"elementor-element elementor-element-71a2e79 elementor-widget__width-initial elementor-widget elementor-widget-heading\" data-id=\"71a2e79\" data-element_type=\"widget\" data-widget_type=\"heading.default\">\n\t\t\t\t\t<p class=\"elementor-heading-title elementor-size-default\">Seja bem-vindo \u00e0 Comunidade UV Minas o ponto de encontro onde ideias se encontram com empresas e entidades geradoras de resultados. Somos uma plataforma din\u00e2mica e inovadora, dedicada a conectar p\u00fablico UV Minas com parceiros empreendedores.<\/p>\t\t\t\t<\/div>\n\t\t\t\t<div class=\"elementor-element elementor-element-fd88820 elementor-widget elementor-widget-button\" data-id=\"fd88820\" data-element_type=\"widget\" data-widget_type=\"button.default\">\n\t\t\t\t\t\t\t\t\t\t<a class=\"elementor-button elementor-button-link elementor-size-sm\" href=\"https:\/\/chat.whatsapp.com\/KocHIMwlN0A5VGOMumVy7c?mode=ac_t\" target=\"_blank\">\n\t\t\t\t\t\t<span class=\"elementor-button-content-wrapper\">\n\t\t\t\t\t\t\t\t\t<span class=\"elementor-button-text\">Clique aqui<\/span>\n\t\t\t\t\t<\/span>\n\t\t\t\t\t<\/a>\n\t\t\t\t\t\t\t\t<\/div>\n\t\t\t\t<\/div>\n\t\t<div class=\"elementor-element elementor-element-1ac1e92 e-con-full e-flex e-con e-child\" data-id=\"1ac1e92\" data-element_type=\"container\">\n\t\t\t\t<div class=\"elementor-element elementor-element-9134d8e elementor-widget elementor-widget-image\" data-id=\"9134d8e\" data-element_type=\"widget\" data-widget_type=\"image.default\">\n\t\t\t\t\t\t\t\t\t\t\t\t\t\t\t<img decoding=\"async\" width=\"248\" height=\"249\" src=\"https:\/\/dev.aemsolutions.com.br\/uvminas\/wp-content\/uploads\/2025\/07\/qrcodecomuni.png\" class=\"attachment-large size-large wp-image-295\" alt=\"\" srcset=\"https:\/\/dev.aemsolutions.com.br\/uvminas\/wp-content\/uploads\/2025\/07\/qrcodecomuni.png 248w, https:\/\/dev.aemsolutions.com.br\/uvminas\/wp-content\/uploads\/2025\/07\/qrcodecomuni-150x150.png 150w\" sizes=\"(max-width: 248px) 100vw, 248px\" \/>\t\t\t\t\t\t\t\t\t\t\t\t\t\t\t<\/div>\n\t\t\t\t<\/div>\n\t\t\t\t<\/div>\n\t\t\t\t<\/div>\n\t\t\t\t\t<\/div>\n\t\t\t\t<\/div>\n\t\t\t\t<\/div>\n\t\t","protected":false},"excerpt":{"rendered":"<p>Filie-se Gratuitamente Preencha os campos e entraremos em contato! Associe-se e tenha acesso a diversas oportunidades e benef\u00edcios. E tamb\u00e9m a eventos, cursos, projetos e todas as a\u00e7\u00f5es da UV MInas! Defender o municipalismo e fortalecer o parlamento Promover o bem estar social atrav\u00e9s da conquista de emendas parlamentares e acesso livre \u00e0 ALMG &#8211;<\/p>\n","protected":false},"author":1,"featured_media":0,"parent":0,"menu_order":0,"comment_status":"closed","ping_status":"closed","template":"elementor_header_footer","meta":{"footnotes":""},"class_list":["post-327","page","type-page","status-publish","hentry"],"_links":{"self":[{"href":"https:\/\/dev.aemsolutions.com.br\/uvminas\/wp-json\/wp\/v2\/pages\/327","targetHints":{"allow":["GET"]}}],"collection":[{"href":"https:\/\/dev.aemsolutions.com.br\/uvminas\/wp-json\/wp\/v2\/pages"}],"about":[{"href":"https:\/\/dev.aemsolutions.com.br\/uvminas\/wp-json\/wp\/v2\/types\/page"}],"author":[{"embeddable":true,"href":"https:\/\/dev.aemsolutions.com.br\/uvminas\/wp-json\/wp\/v2\/users\/1"}],"replies":[{"embeddable":true,"href":"https:\/\/dev.aemsolutions.com.br\/uvminas\/wp-json\/wp\/v2\/comments?post=327"}],"version-history":[{"count":58,"href":"https:\/\/dev.aemsolutions.com.br\/uvminas\/wp-json\/wp\/v2\/pages\/327\/revisions"}],"predecessor-version":[{"id":617,"href":"https:\/\/dev.aemsolutions.com.br\/uvminas\/wp-json\/wp\/v2\/pages\/327\/revisions\/617"}],"wp:attachment":[{"href":"https:\/\/dev.aemsolutions.com.br\/uvminas\/wp-json\/wp\/v2\/media?parent=327"}],"curies":[{"name":"wp","href":"https:\/\/api.w.org\/{rel}","templated":true}]}}