{"id":390,"date":"2025-07-23T16:09:36","date_gmt":"2025-07-23T19:09:36","guid":{"rendered":"https:\/\/dev.aemsolutions.com.br\/uvminas\/?page_id=390"},"modified":"2025-08-03T18:26:47","modified_gmt":"2025-08-03T21:26:47","slug":"noticias","status":"publish","type":"page","link":"https:\/\/dev.aemsolutions.com.br\/uvminas\/noticias\/","title":{"rendered":"Not\u00edcias"},"content":{"rendered":"\t\t<div data-elementor-type=\"wp-page\" data-elementor-id=\"390\" class=\"elementor elementor-390\" data-elementor-post-type=\"page\">\n\t\t\t\t<div class=\"elementor-element elementor-element-ad2653e e-flex e-con-boxed e-con e-parent\" data-id=\"ad2653e\" data-element_type=\"container\" data-settings=\"{&quot;background_background&quot;:&quot;classic&quot;}\">\n\t\t\t\t\t<div class=\"e-con-inner\">\n\t\t<div class=\"elementor-element elementor-element-4262209 e-con-full e-flex e-con e-child\" data-id=\"4262209\" data-element_type=\"container\">\n\t\t\t\t<div class=\"elementor-element elementor-element-f5e38e2 elementor-widget elementor-widget-heading\" data-id=\"f5e38e2\" data-element_type=\"widget\" data-widget_type=\"heading.default\">\n\t\t\t\t\t<p class=\"elementor-heading-title elementor-size-default\">Not\u00edcias<\/p>\t\t\t\t<\/div>\n\t\t\t\t<\/div>\n\t\t\t\t\t<\/div>\n\t\t\t\t<\/div>\n\t\t<div class=\"elementor-element elementor-element-f4ad468 e-flex e-con-boxed e-con e-parent\" data-id=\"f4ad468\" data-element_type=\"container\">\n\t\t\t\t\t<div class=\"e-con-inner\">\n\t\t<div class=\"elementor-element elementor-element-5b522e7 e-con-full e-flex e-con e-child\" data-id=\"5b522e7\" data-element_type=\"container\">\n\t\t\t\t<div class=\"elementor-element elementor-element-6009a39 elementor-posts--align-center elementor-grid-3 elementor-grid-tablet-2 elementor-grid-mobile-1 elementor-posts--thumbnail-top elementor-widget elementor-widget-posts\" data-id=\"6009a39\" data-element_type=\"widget\" data-settings=\"{&quot;classic_row_gap&quot;:{&quot;unit&quot;:&quot;px&quot;,&quot;size&quot;:30,&quot;sizes&quot;:[]},&quot;pagination_type&quot;:&quot;numbers&quot;,&quot;classic_columns&quot;:&quot;3&quot;,&quot;classic_columns_tablet&quot;:&quot;2&quot;,&quot;classic_columns_mobile&quot;:&quot;1&quot;,&quot;classic_row_gap_tablet&quot;:{&quot;unit&quot;:&quot;px&quot;,&quot;size&quot;:&quot;&quot;,&quot;sizes&quot;:[]},&quot;classic_row_gap_mobile&quot;:{&quot;unit&quot;:&quot;px&quot;,&quot;size&quot;:&quot;&quot;,&quot;sizes&quot;:[]}}\" data-widget_type=\"posts.classic\">\n\t\t\t\t<div class=\"elementor-widget-container\">\n\t\t\t\t\t\t\t<div class=\"elementor-posts-container elementor-posts elementor-posts--skin-classic elementor-grid\" role=\"list\">\n\t\t\t\t<article class=\"elementor-post elementor-grid-item post-98 post type-post status-publish format-standard has-post-thumbnail hentry category-noticias\" role=\"listitem\">\n\t\t\t\t<a class=\"elementor-post__thumbnail__link\" href=\"https:\/\/dev.aemsolutions.com.br\/uvminas\/2025\/07\/15\/lorem-ipsum-is-simply-dummy-text-of-the-printing-and-typesetting-industry-004\/\" tabindex=\"-1\" target=&quot;_blank&quot;>\n\t\t\t<div class=\"elementor-post__thumbnail\"><img fetchpriority=\"high\" decoding=\"async\" width=\"239\" height=\"216\" src=\"https:\/\/dev.aemsolutions.com.br\/uvminas\/wp-content\/uploads\/2025\/07\/wqarwetwetpng.png\" class=\"attachment-full size-full wp-image-260\" alt=\"\" \/><\/div>\n\t\t<\/a>\n\t\t\t\t<div class=\"elementor-post__text\">\n\t\t\t\t<p class=\"elementor-post__title\">\n\t\t\t<a href=\"https:\/\/dev.aemsolutions.com.br\/uvminas\/2025\/07\/15\/lorem-ipsum-is-simply-dummy-text-of-the-printing-and-typesetting-industry-004\/\" target=&quot;_blank&quot;>\n\t\t\t\tLorem Ipsum\u00a0is simply dummy text of the printing and typesetting industry 004\t\t\t<\/a>\n\t\t<\/p>\n\t\t\t\t<div class=\"elementor-post__meta-data\">\n\t\t\t\t\t<span class=\"elementor-post-date\">\n\t\t\t15 de julho de 2025\t\t<\/span>\n\t\t\t\t<\/div>\n\t\t\n\t\t<a class=\"elementor-post__read-more\" href=\"https:\/\/dev.aemsolutions.com.br\/uvminas\/2025\/07\/15\/lorem-ipsum-is-simply-dummy-text-of-the-printing-and-typesetting-industry-004\/\" aria-label=\"Read more about Lorem Ipsum\u00a0is simply dummy text of the printing and typesetting industry 004\" tabindex=\"-1\" target=\"_blank\">\n\t\t\tLer Mais \u00bb\t\t<\/a>\n\n\t\t\t\t<\/div>\n\t\t\t\t<\/article>\n\t\t\t\t<article class=\"elementor-post elementor-grid-item post-84 post type-post status-publish format-standard has-post-thumbnail hentry category-noticias\" role=\"listitem\">\n\t\t\t\t<a class=\"elementor-post__thumbnail__link\" href=\"https:\/\/dev.aemsolutions.com.br\/uvminas\/2025\/07\/15\/lorem-ipsum-is-simply-dummy-text-of-the-printing-and-typesetting-industry-002\/\" tabindex=\"-1\" target=&quot;_blank&quot;>\n\t\t\t<div class=\"elementor-post__thumbnail\"><img decoding=\"async\" width=\"2560\" height=\"1196\" src=\"https:\/\/dev.aemsolutions.com.br\/uvminas\/wp-content\/uploads\/2025\/07\/20250703_174101-scaled.jpg\" class=\"attachment-full size-full wp-image-252\" alt=\"\" srcset=\"https:\/\/dev.aemsolutions.com.br\/uvminas\/wp-content\/uploads\/2025\/07\/20250703_174101-scaled.jpg 2560w, https:\/\/dev.aemsolutions.com.br\/uvminas\/wp-content\/uploads\/2025\/07\/20250703_174101-300x140.jpg 300w, https:\/\/dev.aemsolutions.com.br\/uvminas\/wp-content\/uploads\/2025\/07\/20250703_174101-1024x478.jpg 1024w, https:\/\/dev.aemsolutions.com.br\/uvminas\/wp-content\/uploads\/2025\/07\/20250703_174101-768x359.jpg 768w, https:\/\/dev.aemsolutions.com.br\/uvminas\/wp-content\/uploads\/2025\/07\/20250703_174101-1536x717.jpg 1536w, https:\/\/dev.aemsolutions.com.br\/uvminas\/wp-content\/uploads\/2025\/07\/20250703_174101-2048x956.jpg 2048w\" sizes=\"(max-width: 2560px) 100vw, 2560px\" \/><\/div>\n\t\t<\/a>\n\t\t\t\t<div class=\"elementor-post__text\">\n\t\t\t\t<p class=\"elementor-post__title\">\n\t\t\t<a href=\"https:\/\/dev.aemsolutions.com.br\/uvminas\/2025\/07\/15\/lorem-ipsum-is-simply-dummy-text-of-the-printing-and-typesetting-industry-002\/\" target=&quot;_blank&quot;>\n\t\t\t\tLorem Ipsum\u00a0is simply dummy text of the printing and typesetting industry 002\t\t\t<\/a>\n\t\t<\/p>\n\t\t\t\t<div class=\"elementor-post__meta-data\">\n\t\t\t\t\t<span class=\"elementor-post-date\">\n\t\t\t15 de julho de 2025\t\t<\/span>\n\t\t\t\t<\/div>\n\t\t\n\t\t<a class=\"elementor-post__read-more\" href=\"https:\/\/dev.aemsolutions.com.br\/uvminas\/2025\/07\/15\/lorem-ipsum-is-simply-dummy-text-of-the-printing-and-typesetting-industry-002\/\" aria-label=\"Read more about Lorem Ipsum\u00a0is simply dummy text of the printing and typesetting industry 002\" tabindex=\"-1\" target=\"_blank\">\n\t\t\tLer Mais \u00bb\t\t<\/a>\n\n\t\t\t\t<\/div>\n\t\t\t\t<\/article>\n\t\t\t\t<article class=\"elementor-post elementor-grid-item post-85 post type-post status-publish format-standard has-post-thumbnail hentry category-noticias\" role=\"listitem\">\n\t\t\t\t<a class=\"elementor-post__thumbnail__link\" href=\"https:\/\/dev.aemsolutions.com.br\/uvminas\/2025\/07\/15\/lorem-ipsum-is-simply-dummy-text-of-the-printing-and-typesetting-industry-003\/\" tabindex=\"-1\" target=&quot;_blank&quot;>\n\t\t\t<div class=\"elementor-post__thumbnail\"><img decoding=\"async\" width=\"2560\" height=\"1196\" src=\"https:\/\/dev.aemsolutions.com.br\/uvminas\/wp-content\/uploads\/2025\/07\/20250702_135506-scaled.jpg\" class=\"attachment-full size-full wp-image-244\" alt=\"\" srcset=\"https:\/\/dev.aemsolutions.com.br\/uvminas\/wp-content\/uploads\/2025\/07\/20250702_135506-scaled.jpg 2560w, https:\/\/dev.aemsolutions.com.br\/uvminas\/wp-content\/uploads\/2025\/07\/20250702_135506-300x140.jpg 300w, https:\/\/dev.aemsolutions.com.br\/uvminas\/wp-content\/uploads\/2025\/07\/20250702_135506-1024x478.jpg 1024w, https:\/\/dev.aemsolutions.com.br\/uvminas\/wp-content\/uploads\/2025\/07\/20250702_135506-768x359.jpg 768w, https:\/\/dev.aemsolutions.com.br\/uvminas\/wp-content\/uploads\/2025\/07\/20250702_135506-1536x717.jpg 1536w, https:\/\/dev.aemsolutions.com.br\/uvminas\/wp-content\/uploads\/2025\/07\/20250702_135506-2048x956.jpg 2048w\" sizes=\"(max-width: 2560px) 100vw, 2560px\" \/><\/div>\n\t\t<\/a>\n\t\t\t\t<div class=\"elementor-post__text\">\n\t\t\t\t<p class=\"elementor-post__title\">\n\t\t\t<a href=\"https:\/\/dev.aemsolutions.com.br\/uvminas\/2025\/07\/15\/lorem-ipsum-is-simply-dummy-text-of-the-printing-and-typesetting-industry-003\/\" target=&quot;_blank&quot;>\n\t\t\t\tLorem Ipsum\u00a0is simply dummy text of the printing and typesetting industry 003\t\t\t<\/a>\n\t\t<\/p>\n\t\t\t\t<div class=\"elementor-post__meta-data\">\n\t\t\t\t\t<span class=\"elementor-post-date\">\n\t\t\t15 de julho de 2025\t\t<\/span>\n\t\t\t\t<\/div>\n\t\t\n\t\t<a class=\"elementor-post__read-more\" href=\"https:\/\/dev.aemsolutions.com.br\/uvminas\/2025\/07\/15\/lorem-ipsum-is-simply-dummy-text-of-the-printing-and-typesetting-industry-003\/\" aria-label=\"Read more about Lorem Ipsum\u00a0is simply dummy text of the printing and typesetting industry 003\" tabindex=\"-1\" target=\"_blank\">\n\t\t\tLer Mais \u00bb\t\t<\/a>\n\n\t\t\t\t<\/div>\n\t\t\t\t<\/article>\n\t\t\t\t<article class=\"elementor-post elementor-grid-item post-82 post type-post status-publish format-standard has-post-thumbnail hentry category-noticias\" role=\"listitem\">\n\t\t\t\t<a class=\"elementor-post__thumbnail__link\" href=\"https:\/\/dev.aemsolutions.com.br\/uvminas\/2025\/07\/15\/lorem-ipsum-is-simply-dummy-text-of-the-printing-and-typesetting-industry-001\/\" tabindex=\"-1\" target=&quot;_blank&quot;>\n\t\t\t<div class=\"elementor-post__thumbnail\"><img loading=\"lazy\" decoding=\"async\" width=\"733\" height=\"507\" src=\"https:\/\/dev.aemsolutions.com.br\/uvminas\/wp-content\/uploads\/2025\/07\/vereadorwegtseg.png\" class=\"attachment-full size-full wp-image-257\" alt=\"\" srcset=\"https:\/\/dev.aemsolutions.com.br\/uvminas\/wp-content\/uploads\/2025\/07\/vereadorwegtseg.png 733w, https:\/\/dev.aemsolutions.com.br\/uvminas\/wp-content\/uploads\/2025\/07\/vereadorwegtseg-300x208.png 300w\" sizes=\"(max-width: 733px) 100vw, 733px\" \/><\/div>\n\t\t<\/a>\n\t\t\t\t<div class=\"elementor-post__text\">\n\t\t\t\t<p class=\"elementor-post__title\">\n\t\t\t<a href=\"https:\/\/dev.aemsolutions.com.br\/uvminas\/2025\/07\/15\/lorem-ipsum-is-simply-dummy-text-of-the-printing-and-typesetting-industry-001\/\" target=&quot;_blank&quot;>\n\t\t\t\tLorem Ipsum\u00a0is simply dummy text of the printing and typesetting industry 001\t\t\t<\/a>\n\t\t<\/p>\n\t\t\t\t<div class=\"elementor-post__meta-data\">\n\t\t\t\t\t<span class=\"elementor-post-date\">\n\t\t\t15 de julho de 2025\t\t<\/span>\n\t\t\t\t<\/div>\n\t\t\n\t\t<a class=\"elementor-post__read-more\" href=\"https:\/\/dev.aemsolutions.com.br\/uvminas\/2025\/07\/15\/lorem-ipsum-is-simply-dummy-text-of-the-printing-and-typesetting-industry-001\/\" aria-label=\"Read more about Lorem Ipsum\u00a0is simply dummy text of the printing and typesetting industry 001\" tabindex=\"-1\" target=\"_blank\">\n\t\t\tLer Mais \u00bb\t\t<\/a>\n\n\t\t\t\t<\/div>\n\t\t\t\t<\/article>\n\t\t\t\t<article class=\"elementor-post elementor-grid-item post-78 post type-post status-publish format-standard has-post-thumbnail hentry category-noticias\" role=\"listitem\">\n\t\t\t\t<a class=\"elementor-post__thumbnail__link\" href=\"https:\/\/dev.aemsolutions.com.br\/uvminas\/2025\/07\/15\/lorem-ipsum-is-simply-dummy-text-of-the-printing-and-typesetting-industry\/\" tabindex=\"-1\" target=&quot;_blank&quot;>\n\t\t\t<div class=\"elementor-post__thumbnail\"><img loading=\"lazy\" decoding=\"async\" width=\"236\" height=\"245\" src=\"https:\/\/dev.aemsolutions.com.br\/uvminas\/wp-content\/uploads\/2025\/07\/print-vereador.png\" class=\"attachment-full size-full wp-image-248\" alt=\"\" \/><\/div>\n\t\t<\/a>\n\t\t\t\t<div class=\"elementor-post__text\">\n\t\t\t\t<p class=\"elementor-post__title\">\n\t\t\t<a href=\"https:\/\/dev.aemsolutions.com.br\/uvminas\/2025\/07\/15\/lorem-ipsum-is-simply-dummy-text-of-the-printing-and-typesetting-industry\/\" target=&quot;_blank&quot;>\n\t\t\t\tLorem Ipsum\u00a0is simply dummy text of the printing and typesetting industry.\u00a0\t\t\t<\/a>\n\t\t<\/p>\n\t\t\t\t<div class=\"elementor-post__meta-data\">\n\t\t\t\t\t<span class=\"elementor-post-date\">\n\t\t\t15 de julho de 2025\t\t<\/span>\n\t\t\t\t<\/div>\n\t\t\n\t\t<a class=\"elementor-post__read-more\" href=\"https:\/\/dev.aemsolutions.com.br\/uvminas\/2025\/07\/15\/lorem-ipsum-is-simply-dummy-text-of-the-printing-and-typesetting-industry\/\" aria-label=\"Read more about Lorem Ipsum\u00a0is simply dummy text of the printing and typesetting industry.\u00a0\" tabindex=\"-1\" target=\"_blank\">\n\t\t\tLer Mais \u00bb\t\t<\/a>\n\n\t\t\t\t<\/div>\n\t\t\t\t<\/article>\n\t\t\t\t<\/div>\n\t\t\n\t\t\t\t\t\t<\/div>\n\t\t\t\t<\/div>\n\t\t\t\t<\/div>\n\t\t<div class=\"elementor-element elementor-element-5a8b630 e-con-full e-flex e-con e-child\" data-id=\"5a8b630\" data-element_type=\"container\">\n\t\t<div class=\"elementor-element elementor-element-4a9db44 e-con-full e-flex e-con e-child\" data-id=\"4a9db44\" data-element_type=\"container\" data-settings=\"{&quot;background_background&quot;:&quot;classic&quot;}\">\n\t\t<div class=\"elementor-element elementor-element-caaf7fb e-con-full e-flex e-con e-child\" data-id=\"caaf7fb\" data-element_type=\"container\">\n\t\t\t\t<div class=\"elementor-element elementor-element-0d29411 elementor-widget elementor-widget-heading\" data-id=\"0d29411\" data-element_type=\"widget\" data-widget_type=\"heading.default\">\n\t\t\t\t\t<p class=\"elementor-heading-title elementor-size-default\">Fique por dentro das novidades!<\/p>\t\t\t\t<\/div>\n\t\t\t\t<div class=\"elementor-element elementor-element-96ab84a elementor-widget__width-initial elementor-widget elementor-widget-heading\" data-id=\"96ab84a\" data-element_type=\"widget\" data-widget_type=\"heading.default\">\n\t\t\t\t\t<p class=\"elementor-heading-title elementor-size-default\">Inscreva-se na nossa newsletter e receba em primeira m\u00e3o informa\u00e7\u00f5es sobre eventos, cursos, projetos e todas as a\u00e7\u00f5es diretamente no seu e-mail<\/p>\t\t\t\t<\/div>\n\t\t\t\t<\/div>\n\t\t<div class=\"elementor-element elementor-element-e897bce e-con-full e-flex e-con e-child\" data-id=\"e897bce\" data-element_type=\"container\">\n\t\t\t\t<div class=\"elementor-element elementor-element-b16c459 elementor-button-align-stretch elementor-widget elementor-widget-form\" data-id=\"b16c459\" data-element_type=\"widget\" data-settings=\"{&quot;button_width&quot;:&quot;20&quot;,&quot;step_next_label&quot;:&quot;Next&quot;,&quot;step_previous_label&quot;:&quot;Previous&quot;,&quot;step_type&quot;:&quot;number_text&quot;,&quot;step_icon_shape&quot;:&quot;circle&quot;}\" data-widget_type=\"form.default\">\n\t\t\t\t\t\t\t<form class=\"elementor-form\" method=\"post\" name=\"New Form\" aria-label=\"New Form\">\n\t\t\t<input type=\"hidden\" name=\"post_id\" value=\"390\"\/>\n\t\t\t<input type=\"hidden\" name=\"form_id\" value=\"b16c459\"\/>\n\t\t\t<input type=\"hidden\" name=\"referer_title\" value=\"Not\u00edcias\" \/>\n\n\t\t\t\t\t\t\t<input type=\"hidden\" name=\"queried_id\" value=\"390\"\/>\n\t\t\t\n\t\t\t<div class=\"elementor-form-fields-wrapper elementor-labels-\">\n\t\t\t\t\t\t\t\t<div class=\"elementor-field-type-text elementor-field-group elementor-column elementor-field-group-name elementor-col-40 elementor-field-required\">\n\t\t\t\t\t\t\t\t\t\t\t\t<label for=\"form-field-name\" class=\"elementor-field-label elementor-screen-only\">\n\t\t\t\t\t\t\t\tNome\t\t\t\t\t\t\t<\/label>\n\t\t\t\t\t\t\t\t\t\t\t\t\t\t<input size=\"1\" type=\"text\" name=\"form_fields[name]\" id=\"form-field-name\" class=\"elementor-field elementor-size-lg  elementor-field-textual\" placeholder=\"Nome\" required=\"required\">\n\t\t\t\t\t\t\t\t\t\t\t<\/div>\n\t\t\t\t\t\t\t\t<div class=\"elementor-field-type-email elementor-field-group elementor-column elementor-field-group-email elementor-col-40 elementor-field-required\">\n\t\t\t\t\t\t\t\t\t\t\t\t<label for=\"form-field-email\" class=\"elementor-field-label elementor-screen-only\">\n\t\t\t\t\t\t\t\tEmail\t\t\t\t\t\t\t<\/label>\n\t\t\t\t\t\t\t\t\t\t\t\t\t\t<input size=\"1\" type=\"email\" name=\"form_fields[email]\" id=\"form-field-email\" class=\"elementor-field elementor-size-lg  elementor-field-textual\" placeholder=\"E-mail\" required=\"required\">\n\t\t\t\t\t\t\t\t\t\t\t<\/div>\n\t\t\t\t\t\t\t\t<div class=\"elementor-field-group elementor-column elementor-field-type-submit elementor-col-20 e-form__buttons\">\n\t\t\t\t\t<button class=\"elementor-button elementor-size-lg\" type=\"submit\">\n\t\t\t\t\t\t<span class=\"elementor-button-content-wrapper\">\n\t\t\t\t\t\t\t\t\t\t\t\t\t\t\t\t\t\t\t\t\t\t<span class=\"elementor-button-text\">Inscrever-se<\/span>\n\t\t\t\t\t\t\t\t\t\t\t\t\t<\/span>\n\t\t\t\t\t<\/button>\n\t\t\t\t<\/div>\n\t\t\t<\/div>\n\t\t<\/form>\n\t\t\t\t\t\t<\/div>\n\t\t\t\t<\/div>\n\t\t\t\t<\/div>\n\t\t\t\t<\/div>\n\t\t\t\t\t<\/div>\n\t\t\t\t<\/div>\n\t\t\t\t<\/div>\n\t\t","protected":false},"excerpt":{"rendered":"<p>Not\u00edcias Fique por dentro das novidades! Inscreva-se na nossa newsletter e receba em primeira m\u00e3o informa\u00e7\u00f5es sobre eventos, cursos, projetos e todas as a\u00e7\u00f5es diretamente<\/p>\n","protected":false},"author":1,"featured_media":0,"parent":0,"menu_order":0,"comment_status":"closed","ping_status":"closed","template":"elementor_header_footer","meta":{"footnotes":""},"class_list":["post-390","page","type-page","status-publish","hentry"],"_links":{"self":[{"href":"https:\/\/dev.aemsolutions.com.br\/uvminas\/wp-json\/wp\/v2\/pages\/390","targetHints":{"allow":["GET"]}}],"collection":[{"href":"https:\/\/dev.aemsolutions.com.br\/uvminas\/wp-json\/wp\/v2\/pages"}],"about":[{"href":"https:\/\/dev.aemsolutions.com.br\/uvminas\/wp-json\/wp\/v2\/types\/page"}],"author":[{"embeddable":true,"href":"https:\/\/dev.aemsolutions.com.br\/uvminas\/wp-json\/wp\/v2\/users\/1"}],"replies":[{"embeddable":true,"href":"https:\/\/dev.aemsolutions.com.br\/uvminas\/wp-json\/wp\/v2\/comments?post=390"}],"version-history":[{"count":19,"href":"https:\/\/dev.aemsolutions.com.br\/uvminas\/wp-json\/wp\/v2\/pages\/390\/revisions"}],"predecessor-version":[{"id":515,"href":"https:\/\/dev.aemsolutions.com.br\/uvminas\/wp-json\/wp\/v2\/pages\/390\/revisions\/515"}],"wp:attachment":[{"href":"https:\/\/dev.aemsolutions.com.br\/uvminas\/wp-json\/wp\/v2\/media?parent=390"}],"curies":[{"name":"wp","href":"https:\/\/api.w.org\/{rel}","templated":true}]}}