{"id":480,"date":"2025-08-03T17:55:39","date_gmt":"2025-08-03T20:55:39","guid":{"rendered":"https:\/\/dev.aemsolutions.com.br\/uvminas\/?page_id=480"},"modified":"2025-08-04T07:28:01","modified_gmt":"2025-08-04T10:28:01","slug":"consorcios","status":"publish","type":"page","link":"https:\/\/dev.aemsolutions.com.br\/uvminas\/consorcios\/","title":{"rendered":"Cons\u00f3rcios"},"content":{"rendered":"\t\t<div data-elementor-type=\"wp-page\" data-elementor-id=\"480\" class=\"elementor elementor-480\" data-elementor-post-type=\"page\">\n\t\t\t\t<div class=\"elementor-element elementor-element-b72c927 e-flex e-con-boxed e-con e-parent\" data-id=\"b72c927\" data-element_type=\"container\" data-settings=\"{&quot;background_background&quot;:&quot;classic&quot;}\">\n\t\t\t\t\t<div class=\"e-con-inner\">\n\t\t<div class=\"elementor-element elementor-element-20aa0da e-con-full e-flex e-con e-child\" data-id=\"20aa0da\" data-element_type=\"container\">\n\t\t\t\t<div class=\"elementor-element elementor-element-786e21c elementor-widget elementor-widget-heading\" data-id=\"786e21c\" data-element_type=\"widget\" data-widget_type=\"heading.default\">\n\t\t\t\t\t<p class=\"elementor-heading-title elementor-size-default\">Solu\u00e7\u00f5es - Cons\u00f3rcios<\/p>\t\t\t\t<\/div>\n\t\t\t\t<\/div>\n\t\t\t\t\t<\/div>\n\t\t\t\t<\/div>\n\t\t<div class=\"elementor-element elementor-element-030c0de e-flex e-con-boxed e-con e-parent\" data-id=\"030c0de\" data-element_type=\"container\">\n\t\t\t\t\t<div class=\"e-con-inner\">\n\t\t<div class=\"elementor-element elementor-element-157a191 e-con-full e-flex e-con e-child\" data-id=\"157a191\" data-element_type=\"container\">\n\t\t<div class=\"elementor-element elementor-element-6ff4b7c e-con-full e-flex e-con e-child\" data-id=\"6ff4b7c\" data-element_type=\"container\">\n\t\t\t\t<div class=\"elementor-element elementor-element-f208551 elementor-widget elementor-widget-image\" data-id=\"f208551\" data-element_type=\"widget\" data-widget_type=\"image.default\">\n\t\t\t\t\t\t\t\t\t\t\t\t\t\t\t<img fetchpriority=\"high\" decoding=\"async\" width=\"329\" height=\"271\" src=\"https:\/\/dev.aemsolutions.com.br\/uvminas\/wp-content\/uploads\/2025\/07\/sdgshshjkliuciu.png\" class=\"attachment-full size-full wp-image-266\" alt=\"\" srcset=\"https:\/\/dev.aemsolutions.com.br\/uvminas\/wp-content\/uploads\/2025\/07\/sdgshshjkliuciu.png 329w, https:\/\/dev.aemsolutions.com.br\/uvminas\/wp-content\/uploads\/2025\/07\/sdgshshjkliuciu-300x247.png 300w\" sizes=\"(max-width: 329px) 100vw, 329px\" \/>\t\t\t\t\t\t\t\t\t\t\t\t\t\t\t<\/div>\n\t\t\t\t<\/div>\n\t\t<div class=\"elementor-element elementor-element-5c80f98 e-con-full e-flex e-con e-child\" data-id=\"5c80f98\" data-element_type=\"container\">\n\t\t\t\t<div class=\"elementor-element elementor-element-41c587d elementor-widget elementor-widget-heading\" data-id=\"41c587d\" data-element_type=\"widget\" data-widget_type=\"heading.default\">\n\t\t\t\t\t<p class=\"elementor-heading-title elementor-size-default\">Lorem Ipsum is simply dummy text of the printing and typesetting industry.<\/p>\t\t\t\t<\/div>\n\t\t\t\t<div class=\"elementor-element elementor-element-0585523 elementor-widget__width-initial elementor-widget elementor-widget-heading\" data-id=\"0585523\" data-element_type=\"widget\" data-widget_type=\"heading.default\">\n\t\t\t\t\t<p class=\"elementor-heading-title elementor-size-default\">Lorem Ipsum is simply dummy text of the printing and typesetting industry. Lorem Ipsum has been the industry's standard dummy text ever since the 1500s, when an unknown printer took a galley of type and scrambled it to make a type specimen book. It has survived not only five centuries, but also the leap into electronic typesetting, remaining essentially unchanged. It was popularised in the 1960s with the release of Letraset sheets containing Lorem Ipsum passages, and more recently with desktop publishing software like Aldus PageMaker including versions of Lorem Ipsum.<\/p>\t\t\t\t<\/div>\n\t\t\t\t<\/div>\n\t\t\t\t<\/div>\n\t\t\t\t\t<\/div>\n\t\t\t\t<\/div>\n\t\t<div class=\"elementor-element elementor-element-c8ddf04 e-flex e-con-boxed e-con e-parent\" data-id=\"c8ddf04\" data-element_type=\"container\">\n\t\t\t\t\t<div class=\"e-con-inner\">\n\t\t<div class=\"elementor-element elementor-element-92fd745 e-con-full e-flex e-con e-child\" data-id=\"92fd745\" data-element_type=\"container\">\n\t\t<div class=\"elementor-element elementor-element-8454fcd e-con-full e-flex e-con e-child\" data-id=\"8454fcd\" data-element_type=\"container\">\n\t\t\t\t<div class=\"elementor-element elementor-element-4cda81a elementor-widget elementor-widget-heading\" data-id=\"4cda81a\" data-element_type=\"widget\" data-widget_type=\"heading.default\">\n\t\t\t\t\t<p class=\"elementor-heading-title elementor-size-default\">Lorem Ipsum is simply dummy text of the printing and typesetting industry.<\/p>\t\t\t\t<\/div>\n\t\t\t\t<div class=\"elementor-element elementor-element-8f67f48 elementor-widget__width-initial elementor-widget elementor-widget-heading\" data-id=\"8f67f48\" data-element_type=\"widget\" data-widget_type=\"heading.default\">\n\t\t\t\t\t<p class=\"elementor-heading-title elementor-size-default\">Lorem Ipsum is simply dummy text of the printing and typesetting industry. Lorem Ipsum has been the industry's standard dummy text ever since the 1500s, when an unknown printer took a galley of type and scrambled it to make a type specimen book. It has survived not only five centuries, but also the leap into electronic typesetting, remaining essentially unchanged. It was popularised in the 1960s with the release of Letraset sheets containing Lorem Ipsum passages, and more recently with desktop publishing software like Aldus PageMaker including versions of Lorem Ipsum.<\/p>\t\t\t\t<\/div>\n\t\t\t\t<\/div>\n\t\t<div class=\"elementor-element elementor-element-f473cd5 e-con-full e-flex e-con e-child\" data-id=\"f473cd5\" data-element_type=\"container\">\n\t\t\t\t<div class=\"elementor-element elementor-element-1ec2b0f elementor-widget elementor-widget-image\" data-id=\"1ec2b0f\" data-element_type=\"widget\" data-widget_type=\"image.default\">\n\t\t\t\t\t\t\t\t\t\t\t\t\t\t\t<img fetchpriority=\"high\" decoding=\"async\" width=\"329\" height=\"271\" src=\"https:\/\/dev.aemsolutions.com.br\/uvminas\/wp-content\/uploads\/2025\/07\/sdgshshjkliuciu.png\" class=\"attachment-full size-full wp-image-266\" alt=\"\" srcset=\"https:\/\/dev.aemsolutions.com.br\/uvminas\/wp-content\/uploads\/2025\/07\/sdgshshjkliuciu.png 329w, https:\/\/dev.aemsolutions.com.br\/uvminas\/wp-content\/uploads\/2025\/07\/sdgshshjkliuciu-300x247.png 300w\" sizes=\"(max-width: 329px) 100vw, 329px\" \/>\t\t\t\t\t\t\t\t\t\t\t\t\t\t\t<\/div>\n\t\t\t\t<\/div>\n\t\t\t\t<\/div>\n\t\t\t\t\t<\/div>\n\t\t\t\t<\/div>\n\t\t<div class=\"elementor-element elementor-element-1b07202 e-flex e-con-boxed e-con e-parent\" data-id=\"1b07202\" data-element_type=\"container\">\n\t\t\t\t\t<div class=\"e-con-inner\">\n\t\t<div class=\"elementor-element elementor-element-db304e8 e-con-full e-flex e-con e-child\" data-id=\"db304e8\" data-element_type=\"container\">\n\t\t<div class=\"elementor-element elementor-element-dd1b963 e-con-full e-flex e-con e-child\" data-id=\"dd1b963\" data-element_type=\"container\">\n\t\t\t\t<div class=\"elementor-element elementor-element-30c4c46 elementor-widget elementor-widget-image\" data-id=\"30c4c46\" data-element_type=\"widget\" data-widget_type=\"image.default\">\n\t\t\t\t\t\t\t\t\t\t\t\t\t\t\t<img fetchpriority=\"high\" decoding=\"async\" width=\"329\" height=\"271\" src=\"https:\/\/dev.aemsolutions.com.br\/uvminas\/wp-content\/uploads\/2025\/07\/sdgshshjkliuciu.png\" class=\"attachment-full size-full wp-image-266\" alt=\"\" srcset=\"https:\/\/dev.aemsolutions.com.br\/uvminas\/wp-content\/uploads\/2025\/07\/sdgshshjkliuciu.png 329w, https:\/\/dev.aemsolutions.com.br\/uvminas\/wp-content\/uploads\/2025\/07\/sdgshshjkliuciu-300x247.png 300w\" sizes=\"(max-width: 329px) 100vw, 329px\" \/>\t\t\t\t\t\t\t\t\t\t\t\t\t\t\t<\/div>\n\t\t\t\t<\/div>\n\t\t<div class=\"elementor-element elementor-element-d734167 e-con-full e-flex e-con e-child\" data-id=\"d734167\" data-element_type=\"container\">\n\t\t\t\t<div class=\"elementor-element elementor-element-455e3b4 elementor-widget elementor-widget-heading\" data-id=\"455e3b4\" data-element_type=\"widget\" data-widget_type=\"heading.default\">\n\t\t\t\t\t<p class=\"elementor-heading-title elementor-size-default\">Lorem Ipsum is simply dummy text of the printing and typesetting industry.<\/p>\t\t\t\t<\/div>\n\t\t\t\t<div class=\"elementor-element elementor-element-990f0e1 elementor-widget__width-initial elementor-widget elementor-widget-heading\" data-id=\"990f0e1\" data-element_type=\"widget\" data-widget_type=\"heading.default\">\n\t\t\t\t\t<p class=\"elementor-heading-title elementor-size-default\">Lorem Ipsum is simply dummy text of the printing and typesetting industry. Lorem Ipsum has been the industry's standard dummy text ever since the 1500s, when an unknown printer took a galley of type and scrambled it to make a type specimen book. It has survived not only five centuries, but also the leap into electronic typesetting, remaining essentially unchanged. It was popularised in the 1960s with the release of Letraset sheets containing Lorem Ipsum passages, and more recently with desktop publishing software like Aldus PageMaker including versions of Lorem Ipsum.<\/p>\t\t\t\t<\/div>\n\t\t\t\t<\/div>\n\t\t\t\t<\/div>\n\t\t<div class=\"elementor-element elementor-element-44db103 e-con-full e-flex e-con e-child\" data-id=\"44db103\" data-element_type=\"container\">\n\t\t<div class=\"elementor-element elementor-element-c217495 e-con-full e-flex e-con e-child\" data-id=\"c217495\" data-element_type=\"container\" data-settings=\"{&quot;background_background&quot;:&quot;classic&quot;}\">\n\t\t<div class=\"elementor-element elementor-element-667031c e-con-full e-flex e-con e-child\" data-id=\"667031c\" data-element_type=\"container\">\n\t\t\t\t<div class=\"elementor-element elementor-element-8f5c985 elementor-widget__width-inherit elementor-widget elementor-widget-heading\" data-id=\"8f5c985\" data-element_type=\"widget\" data-widget_type=\"heading.default\">\n\t\t\t\t\t<p class=\"elementor-heading-title elementor-size-default\">Preencha os campos e entraremos em contato!<\/p>\t\t\t\t<\/div>\n\t\t\t\t<div class=\"elementor-element elementor-element-26999f9 elementor-widget__width-initial elementor-widget elementor-widget-heading\" data-id=\"26999f9\" data-element_type=\"widget\" data-widget_type=\"heading.default\">\n\t\t\t\t\t<p class=\"elementor-heading-title elementor-size-default\">Associe-se e tenha acesso a diversas oportunidades e benef\u00edcios. E tamb\u00e9m a eventos, cursos, projetos e todas as a\u00e7\u00f5es da UV MInas!<\/p>\t\t\t\t<\/div>\n\t\t\t\t<\/div>\n\t\t<div class=\"elementor-element elementor-element-ace6180 e-con-full e-flex e-con e-child\" data-id=\"ace6180\" data-element_type=\"container\">\n\t\t\t\t<div class=\"elementor-element elementor-element-be7f286 elementor-button-align-stretch elementor-widget elementor-widget-form\" data-id=\"be7f286\" data-element_type=\"widget\" data-settings=\"{&quot;step_next_label&quot;:&quot;Next&quot;,&quot;step_previous_label&quot;:&quot;Previous&quot;,&quot;button_width&quot;:&quot;100&quot;,&quot;step_type&quot;:&quot;number_text&quot;,&quot;step_icon_shape&quot;:&quot;circle&quot;}\" data-widget_type=\"form.default\">\n\t\t\t\t\t\t\t<form class=\"elementor-form\" method=\"post\" name=\"New Form\" aria-label=\"New Form\">\n\t\t\t<input type=\"hidden\" name=\"post_id\" value=\"480\"\/>\n\t\t\t<input type=\"hidden\" name=\"form_id\" value=\"be7f286\"\/>\n\t\t\t<input type=\"hidden\" name=\"referer_title\" value=\"Cons\u00f3rcios\" \/>\n\n\t\t\t\t\t\t\t<input type=\"hidden\" name=\"queried_id\" value=\"480\"\/>\n\t\t\t\n\t\t\t<div class=\"elementor-form-fields-wrapper elementor-labels-\">\n\t\t\t\t\t\t\t\t<div class=\"elementor-field-type-text elementor-field-group elementor-column elementor-field-group-name elementor-col-100 elementor-field-required\">\n\t\t\t\t\t\t\t\t\t\t\t\t<label for=\"form-field-name\" class=\"elementor-field-label elementor-screen-only\">\n\t\t\t\t\t\t\t\tNome\t\t\t\t\t\t\t<\/label>\n\t\t\t\t\t\t\t\t\t\t\t\t\t\t<input size=\"1\" type=\"text\" name=\"form_fields[name]\" id=\"form-field-name\" class=\"elementor-field elementor-size-md  elementor-field-textual\" placeholder=\"Nome\" required=\"required\">\n\t\t\t\t\t\t\t\t\t\t\t<\/div>\n\t\t\t\t\t\t\t\t<div class=\"elementor-field-type-text elementor-field-group elementor-column elementor-field-group-email elementor-col-100 elementor-field-required\">\n\t\t\t\t\t\t\t\t\t\t\t\t<label for=\"form-field-email\" class=\"elementor-field-label elementor-screen-only\">\n\t\t\t\t\t\t\t\tCidade\t\t\t\t\t\t\t<\/label>\n\t\t\t\t\t\t\t\t\t\t\t\t\t\t<input size=\"1\" type=\"text\" name=\"form_fields[email]\" id=\"form-field-email\" class=\"elementor-field elementor-size-md  elementor-field-textual\" placeholder=\"Cidade\" required=\"required\">\n\t\t\t\t\t\t\t\t\t\t\t<\/div>\n\t\t\t\t\t\t\t\t<div class=\"elementor-field-type-text elementor-field-group elementor-column elementor-field-group-field_46a641c elementor-col-100\">\n\t\t\t\t\t\t\t\t\t\t\t\t<label for=\"form-field-field_46a641c\" class=\"elementor-field-label elementor-screen-only\">\n\t\t\t\t\t\t\t\tEstado\t\t\t\t\t\t\t<\/label>\n\t\t\t\t\t\t\t\t\t\t\t\t\t\t<input size=\"1\" type=\"text\" name=\"form_fields[field_46a641c]\" id=\"form-field-field_46a641c\" class=\"elementor-field elementor-size-md  elementor-field-textual\" placeholder=\"Estado\">\n\t\t\t\t\t\t\t\t\t\t\t<\/div>\n\t\t\t\t\t\t\t\t<div class=\"elementor-field-type-text elementor-field-group elementor-column elementor-field-group-field_0d2cd80 elementor-col-50 elementor-field-required\">\n\t\t\t\t\t\t\t\t\t\t\t\t<label for=\"form-field-field_0d2cd80\" class=\"elementor-field-label elementor-screen-only\">\n\t\t\t\t\t\t\t\tCargo\t\t\t\t\t\t\t<\/label>\n\t\t\t\t\t\t\t\t\t\t\t\t\t\t<input size=\"1\" type=\"text\" name=\"form_fields[field_0d2cd80]\" id=\"form-field-field_0d2cd80\" class=\"elementor-field elementor-size-md  elementor-field-textual\" placeholder=\"Cargo\" required=\"required\">\n\t\t\t\t\t\t\t\t\t\t\t<\/div>\n\t\t\t\t\t\t\t\t<div class=\"elementor-field-type-tel elementor-field-group elementor-column elementor-field-group-field_236beb0 elementor-col-50 elementor-field-required\">\n\t\t\t\t\t\t\t\t\t\t\t\t<label for=\"form-field-field_236beb0\" class=\"elementor-field-label elementor-screen-only\">\n\t\t\t\t\t\t\t\tTelefone\t\t\t\t\t\t\t<\/label>\n\t\t\t\t\t\t\t\t<input size=\"1\" type=\"tel\" name=\"form_fields[field_236beb0]\" id=\"form-field-field_236beb0\" class=\"elementor-field elementor-size-md  elementor-field-textual\" placeholder=\"Telefone\" required=\"required\" pattern=\"[0-9()#&amp;+*-=.]+\" title=\"Only numbers and phone characters (#, -, *, etc) are accepted.\">\n\n\t\t\t\t\t\t<\/div>\n\t\t\t\t\t\t\t\t<div class=\"elementor-field-type-email elementor-field-group elementor-column elementor-field-group-field_751860b elementor-col-100 elementor-field-required\">\n\t\t\t\t\t\t\t\t\t\t\t\t<label for=\"form-field-field_751860b\" class=\"elementor-field-label elementor-screen-only\">\n\t\t\t\t\t\t\t\tEmail\t\t\t\t\t\t\t<\/label>\n\t\t\t\t\t\t\t\t\t\t\t\t\t\t<input size=\"1\" type=\"email\" name=\"form_fields[field_751860b]\" id=\"form-field-field_751860b\" class=\"elementor-field elementor-size-md  elementor-field-textual\" placeholder=\"E-mail\" required=\"required\">\n\t\t\t\t\t\t\t\t\t\t\t<\/div>\n\t\t\t\t\t\t\t\t<div class=\"elementor-field-group elementor-column elementor-field-type-submit elementor-col-100 e-form__buttons\">\n\t\t\t\t\t<button class=\"elementor-button elementor-size-md\" type=\"submit\">\n\t\t\t\t\t\t<span class=\"elementor-button-content-wrapper\">\n\t\t\t\t\t\t\t\t\t\t\t\t\t\t\t\t\t\t\t\t\t\t<span class=\"elementor-button-text\">Enviar<\/span>\n\t\t\t\t\t\t\t\t\t\t\t\t\t<\/span>\n\t\t\t\t\t<\/button>\n\t\t\t\t<\/div>\n\t\t\t<\/div>\n\t\t<\/form>\n\t\t\t\t\t\t<\/div>\n\t\t\t\t<\/div>\n\t\t\t\t<\/div>\n\t\t\t\t<\/div>\n\t\t\t\t\t<\/div>\n\t\t\t\t<\/div>\n\t\t\t\t<\/div>\n\t\t","protected":false},"excerpt":{"rendered":"<p>Solu\u00e7\u00f5es &#8211; Cons\u00f3rcios Lorem Ipsum is simply dummy text of the printing and typesetting industry. Lorem Ipsum is simply dummy text of the printing and typesetting industry. Lorem Ipsum has been the industry&#8217;s standard dummy text ever since the 1500s, when an unknown printer took a galley of type and scrambled it to make a<\/p>\n","protected":false},"author":1,"featured_media":0,"parent":0,"menu_order":0,"comment_status":"closed","ping_status":"closed","template":"elementor_header_footer","meta":{"footnotes":""},"class_list":["post-480","page","type-page","status-publish","hentry"],"_links":{"self":[{"href":"https:\/\/dev.aemsolutions.com.br\/uvminas\/wp-json\/wp\/v2\/pages\/480","targetHints":{"allow":["GET"]}}],"collection":[{"href":"https:\/\/dev.aemsolutions.com.br\/uvminas\/wp-json\/wp\/v2\/pages"}],"about":[{"href":"https:\/\/dev.aemsolutions.com.br\/uvminas\/wp-json\/wp\/v2\/types\/page"}],"author":[{"embeddable":true,"href":"https:\/\/dev.aemsolutions.com.br\/uvminas\/wp-json\/wp\/v2\/users\/1"}],"replies":[{"embeddable":true,"href":"https:\/\/dev.aemsolutions.com.br\/uvminas\/wp-json\/wp\/v2\/comments?post=480"}],"version-history":[{"count":10,"href":"https:\/\/dev.aemsolutions.com.br\/uvminas\/wp-json\/wp\/v2\/pages\/480\/revisions"}],"predecessor-version":[{"id":578,"href":"https:\/\/dev.aemsolutions.com.br\/uvminas\/wp-json\/wp\/v2\/pages\/480\/revisions\/578"}],"wp:attachment":[{"href":"https:\/\/dev.aemsolutions.com.br\/uvminas\/wp-json\/wp\/v2\/media?parent=480"}],"curies":[{"name":"wp","href":"https:\/\/api.w.org\/{rel}","templated":true}]}}